{"id":1403,"date":"2015-09-02T12:59:18","date_gmt":"2015-09-02T10:59:18","guid":{"rendered":"http:\/\/fyrahus.se.loopiadns.com\/nb\/aterforsaljare\/"},"modified":"2016-10-12T09:50:55","modified_gmt":"2016-10-12T07:50:55","slug":"forhandler","status":"publish","type":"page","link":"https:\/\/fyrahus.se\/nb\/forhandler\/","title":{"rendered":"Forhandler"},"content":{"rendered":"<p style=\"text-align: left\"><strong>Med hjelp av v\u00e5re forhandlere, vil vi v\u00e6re det naturlige og ledende leverand\u00f8r og samarbeidspartner for kostnadseffektive og milj\u00f8vennlige l\u00f8sninger til avl\u00f8pssystem.<\/strong><\/p>\n","protected":false},"excerpt":{"rendered":"<p>Med hjelp av v\u00e5re forhandlere, vil vi v\u00e6re det naturlige og ledende leverand\u00f8r og samarbeidspartner for kostnadseffektive og milj\u00f8vennlige l\u00f8sninger til avl\u00f8pssystem.<\/p>\n","protected":false},"author":1,"featured_media":0,"parent":0,"menu_order":15,"comment_status":"closed","ping_status":"closed","template":"template-resellers.php","meta":{"_links_to":"","_links_to_target":""},"yoast_head":"<!-- This site is optimized with the Yoast SEO plugin v15.8 - https:\/\/yoast.com\/wordpress\/plugins\/seo\/ -->\n<title>Forhandler - Fyra Hus<\/title>\n<meta name=\"description\" content=\"\u00c5terf\u00f6rs\u00e4ljare av STUDORs produkter\" \/>\n<meta name=\"robots\" content=\"index, follow, max-snippet:-1, max-image-preview:large, max-video-preview:-1\" \/>\n<link rel=\"canonical\" href=\"https:\/\/fyrahus.se\/nb\/forhandler\/\" \/>\n<meta property=\"og:locale\" content=\"nb_NO\" \/>\n<meta property=\"og:type\" content=\"article\" \/>\n<meta property=\"og:title\" content=\"Forhandler - Fyra Hus\" \/>\n<meta property=\"og:description\" content=\"\u00c5terf\u00f6rs\u00e4ljare av STUDORs produkter\" \/>\n<meta property=\"og:url\" content=\"https:\/\/fyrahus.se\/nb\/forhandler\/\" \/>\n<meta property=\"og:site_name\" content=\"Fyra Hus\" \/>\n<meta property=\"article:modified_time\" content=\"2016-10-12T07:50:55+00:00\" \/>\n<meta name=\"twitter:card\" content=\"summary\" \/>\n<script type=\"application\/ld+json\" class=\"yoast-schema-graph\">{\"@context\":\"https:\/\/schema.org\",\"@graph\":[{\"@type\":\"WebSite\",\"@id\":\"https:\/\/fyrahus.se\/#website\",\"url\":\"https:\/\/fyrahus.se\/\",\"name\":\"Fyra Hus\",\"description\":\"Fungerande avlopp\",\"potentialAction\":[{\"@type\":\"SearchAction\",\"target\":\"https:\/\/fyrahus.se\/?s={search_term_string}\",\"query-input\":\"required name=search_term_string\"}],\"inLanguage\":\"nb-NO\"},{\"@type\":\"WebPage\",\"@id\":\"https:\/\/fyrahus.se\/nb\/forhandler\/#webpage\",\"url\":\"https:\/\/fyrahus.se\/nb\/forhandler\/\",\"name\":\"Forhandler - Fyra Hus\",\"isPartOf\":{\"@id\":\"https:\/\/fyrahus.se\/#website\"},\"datePublished\":\"2015-09-02T10:59:18+00:00\",\"dateModified\":\"2016-10-12T07:50:55+00:00\",\"description\":\"\\u00c5terf\\u00f6rs\\u00e4ljare av STUDORs produkter\",\"breadcrumb\":{\"@id\":\"https:\/\/fyrahus.se\/nb\/forhandler\/#breadcrumb\"},\"inLanguage\":\"nb-NO\",\"potentialAction\":[{\"@type\":\"ReadAction\",\"target\":[\"https:\/\/fyrahus.se\/nb\/forhandler\/\"]}]},{\"@type\":\"BreadcrumbList\",\"@id\":\"https:\/\/fyrahus.se\/nb\/forhandler\/#breadcrumb\",\"itemListElement\":[{\"@type\":\"ListItem\",\"position\":1,\"item\":{\"@type\":\"WebPage\",\"@id\":\"https:\/\/fyrahus.se\/nb\/\",\"url\":\"https:\/\/fyrahus.se\/nb\/\",\"name\":\"Hem\"}},{\"@type\":\"ListItem\",\"position\":2,\"item\":{\"@type\":\"WebPage\",\"@id\":\"https:\/\/fyrahus.se\/nb\/forhandler\/\",\"url\":\"https:\/\/fyrahus.se\/nb\/forhandler\/\",\"name\":\"Forhandler\"}}]}]}<\/script>\n<!-- \/ Yoast SEO plugin. -->","_links":{"self":[{"href":"https:\/\/fyrahus.se\/nb\/wp-json\/wp\/v2\/pages\/1403"}],"collection":[{"href":"https:\/\/fyrahus.se\/nb\/wp-json\/wp\/v2\/pages"}],"about":[{"href":"https:\/\/fyrahus.se\/nb\/wp-json\/wp\/v2\/types\/page"}],"author":[{"embeddable":true,"href":"https:\/\/fyrahus.se\/nb\/wp-json\/wp\/v2\/users\/1"}],"replies":[{"embeddable":true,"href":"https:\/\/fyrahus.se\/nb\/wp-json\/wp\/v2\/comments?post=1403"}],"version-history":[{"count":3,"href":"https:\/\/fyrahus.se\/nb\/wp-json\/wp\/v2\/pages\/1403\/revisions"}],"predecessor-version":[{"id":1434,"href":"https:\/\/fyrahus.se\/nb\/wp-json\/wp\/v2\/pages\/1403\/revisions\/1434"}],"wp:attachment":[{"href":"https:\/\/fyrahus.se\/nb\/wp-json\/wp\/v2\/media?parent=1403"}],"curies":[{"name":"wp","href":"https:\/\/api.w.org\/{rel}","templated":true}]}}