{"id":1336,"date":"2015-09-02T14:01:25","date_gmt":"2015-09-02T12:01:25","guid":{"rendered":"http:\/\/fyrahus.se.loopiadns.com\/nb\/aflobssystem\/papa\/"},"modified":"2016-10-23T18:34:43","modified_gmt":"2016-10-23T16:34:43","slug":"papa","status":"publish","type":"page","link":"https:\/\/fyrahus.se\/nb\/aflobssystem\/papa\/","title":{"rendered":"P.A.P.A."},"content":{"rendered":"<h3 style=\"text-align: left\"><b>P.A.P.A. er et revolusjonerende produkt<\/b><\/h3>\n<p><b>P.A.P.A. <\/b>(Positive Air Pressure Attenuator) tar h\u00e5nd om tilfeldige overtrykk som skapes i avl\u00f8pssystem ved h\u00f8y belastning. Overtrykk oppst\u00e5r framfor alt i fleretasjes hus ved retningsforendringer (vannhammereffekt).<\/p>\n<p><b>P.A.P.A. <\/b>gir VVS-konstrukt\u00f8r, arkitekt og byggingeni\u00f8r frihet til \u00e5 forenkle konstruksjonen av avl\u00f8pssystemer.<\/p>\n","protected":false},"excerpt":{"rendered":"<p>P.A.P.A. er et revolusjonerende produkt P.A.P.A. (Positive Air Pressure Attenuator) tar h\u00e5nd om tilfeldige overtrykk som skapes i avl\u00f8pssystem ved h\u00f8y belastning. Overtrykk oppst\u00e5r framfor alt i fleretasjes hus ved retningsforendringer (vannhammereffekt). P.A.P.A. gir VVS-konstrukt\u00f8r, arkitekt og byggingeni\u00f8r frihet til \u00e5 forenkle konstruksjonen av avl\u00f8pssystemer.<\/p>\n","protected":false},"author":1,"featured_media":347,"parent":1313,"menu_order":5,"comment_status":"closed","ping_status":"closed","template":"template-product.php","meta":{"_links_to":"","_links_to_target":""},"yoast_head":"<!-- This site is optimized with the Yoast SEO plugin v15.8 - https:\/\/yoast.com\/wordpress\/plugins\/seo\/ -->\n<title>P.A.P.A \u2013 \u00d6vertrycksd\u00e4mpare f\u00f6r fungerande avloppsystem | Fyra Hus<\/title>\n<meta name=\"robots\" content=\"index, follow, max-snippet:-1, max-image-preview:large, max-video-preview:-1\" \/>\n<link rel=\"canonical\" href=\"https:\/\/fyrahus.se\/avloppssystem\/papa\/\" \/>\n<meta property=\"og:locale\" content=\"nb_NO\" \/>\n<meta property=\"og:type\" content=\"article\" \/>\n<meta property=\"og:title\" content=\"P.A.P.A \u2013 \u00d6vertrycksd\u00e4mpare f\u00f6r fungerande avloppsystem | Fyra Hus\" \/>\n<meta property=\"og:description\" content=\"P.A.P.A. er et revolusjonerende produkt P.A.P.A. (Positive Air Pressure Attenuator) tar h\u00e5nd om tilfeldige overtrykk som skapes i avl\u00f8pssystem ved h\u00f8y belastning. Overtrykk oppst\u00e5r framfor alt i fleretasjes hus ved retningsforendringer (vannhammereffekt). P.A.P.A. gir VVS-konstrukt\u00f8r, arkitekt og byggingeni\u00f8r frihet til \u00e5 forenkle konstruksjonen av avl\u00f8pssystemer.\" \/>\n<meta property=\"og:url\" content=\"https:\/\/fyrahus.se\/avloppssystem\/papa\/\" \/>\n<meta property=\"og:site_name\" content=\"Fyra Hus\" \/>\n<meta property=\"article:modified_time\" content=\"2016-10-23T16:34:43+00:00\" \/>\n<meta property=\"og:image\" content=\"https:\/\/fyrahus.se\/wp-content\/uploads\/PAPA_p2.jpg\" \/>\n\t<meta property=\"og:image:width\" content=\"1277\" \/>\n\t<meta property=\"og:image:height\" content=\"1277\" \/>\n<meta name=\"twitter:card\" content=\"summary\" \/>\n<script type=\"application\/ld+json\" class=\"yoast-schema-graph\">{\"@context\":\"https:\/\/schema.org\",\"@graph\":[{\"@type\":\"WebSite\",\"@id\":\"https:\/\/fyrahus.se\/#website\",\"url\":\"https:\/\/fyrahus.se\/\",\"name\":\"Fyra Hus\",\"description\":\"Fungerande avlopp\",\"potentialAction\":[{\"@type\":\"SearchAction\",\"target\":\"https:\/\/fyrahus.se\/?s={search_term_string}\",\"query-input\":\"required name=search_term_string\"}],\"inLanguage\":\"nb-NO\"},{\"@type\":\"ImageObject\",\"@id\":\"https:\/\/fyrahus.se\/avloppssystem\/papa\/#primaryimage\",\"inLanguage\":\"nb-NO\",\"url\":\"https:\/\/fyrahus.se\/wp-content\/uploads\/PAPA_p2.jpg\",\"width\":1277,\"height\":1277},{\"@type\":\"WebPage\",\"@id\":\"https:\/\/fyrahus.se\/avloppssystem\/papa\/#webpage\",\"url\":\"https:\/\/fyrahus.se\/avloppssystem\/papa\/\",\"name\":\"P.A.P.A \\u2013 \\u00d6vertrycksd\\u00e4mpare f\\u00f6r fungerande avloppsystem | Fyra Hus\",\"isPartOf\":{\"@id\":\"https:\/\/fyrahus.se\/#website\"},\"primaryImageOfPage\":{\"@id\":\"https:\/\/fyrahus.se\/avloppssystem\/papa\/#primaryimage\"},\"datePublished\":\"2015-09-02T12:01:25+00:00\",\"dateModified\":\"2016-10-23T16:34:43+00:00\",\"breadcrumb\":{\"@id\":\"https:\/\/fyrahus.se\/avloppssystem\/papa\/#breadcrumb\"},\"inLanguage\":\"nb-NO\",\"potentialAction\":[{\"@type\":\"ReadAction\",\"target\":[\"https:\/\/fyrahus.se\/avloppssystem\/papa\/\"]}]},{\"@type\":\"BreadcrumbList\",\"@id\":\"https:\/\/fyrahus.se\/avloppssystem\/papa\/#breadcrumb\",\"itemListElement\":[{\"@type\":\"ListItem\",\"position\":1,\"item\":{\"@type\":\"WebPage\",\"@id\":\"https:\/\/fyrahus.se\/nb\/\",\"url\":\"https:\/\/fyrahus.se\/nb\/\",\"name\":\"Hem\"}},{\"@type\":\"ListItem\",\"position\":2,\"item\":{\"@type\":\"WebPage\",\"@id\":\"https:\/\/fyrahus.se\/avloppssystem\/\",\"url\":\"https:\/\/fyrahus.se\/avloppssystem\/\",\"name\":\"FUNGERENDE AVL\\u00d8PSSYSTEM\"}},{\"@type\":\"ListItem\",\"position\":3,\"item\":{\"@type\":\"WebPage\",\"@id\":\"https:\/\/fyrahus.se\/avloppssystem\/papa\/\",\"url\":\"https:\/\/fyrahus.se\/avloppssystem\/papa\/\",\"name\":\"P.A.P.A.\"}}]}]}<\/script>\n<!-- \/ Yoast SEO plugin. -->","_links":{"self":[{"href":"https:\/\/fyrahus.se\/nb\/wp-json\/wp\/v2\/pages\/1336"}],"collection":[{"href":"https:\/\/fyrahus.se\/nb\/wp-json\/wp\/v2\/pages"}],"about":[{"href":"https:\/\/fyrahus.se\/nb\/wp-json\/wp\/v2\/types\/page"}],"author":[{"embeddable":true,"href":"https:\/\/fyrahus.se\/nb\/wp-json\/wp\/v2\/users\/1"}],"replies":[{"embeddable":true,"href":"https:\/\/fyrahus.se\/nb\/wp-json\/wp\/v2\/comments?post=1336"}],"version-history":[{"count":5,"href":"https:\/\/fyrahus.se\/nb\/wp-json\/wp\/v2\/pages\/1336\/revisions"}],"predecessor-version":[{"id":1489,"href":"https:\/\/fyrahus.se\/nb\/wp-json\/wp\/v2\/pages\/1336\/revisions\/1489"}],"up":[{"embeddable":true,"href":"https:\/\/fyrahus.se\/nb\/wp-json\/wp\/v2\/pages\/1313"}],"wp:featuredmedia":[{"embeddable":true,"href":"https:\/\/fyrahus.se\/nb\/wp-json\/wp\/v2\/media\/347"}],"wp:attachment":[{"href":"https:\/\/fyrahus.se\/nb\/wp-json\/wp\/v2\/media?parent=1336"}],"curies":[{"name":"wp","href":"https:\/\/api.w.org\/{rel}","templated":true}]}}