{"id":1325,"date":"2015-09-08T14:19:21","date_gmt":"2015-09-08T12:19:21","guid":{"rendered":"http:\/\/fyrahus.se.loopiadns.com\/nb\/aflobssystem\/maxi-vent\/"},"modified":"2016-10-23T18:33:47","modified_gmt":"2016-10-23T16:33:47","slug":"maxi-vent","status":"publish","type":"page","link":"https:\/\/fyrahus.se\/nb\/aflobssystem\/maxi-vent\/","title":{"rendered":"Maxi-Vent"},"content":{"rendered":"<h3 style=\"text-align: left\"><b>Byggtekniske fordeler<\/b><\/h3>\n<p><b>Maxi-Vent<\/b> gir byggtekniske fordeler siden den erstatter takgjennomf\u00f8ring for tradisjonelt luftningsr\u00f8r og forenkler r\u00f8ropplegget.<\/p>\n<p>Med <b>Maxi-Vent<\/b> forhindrer du at illeluktende og helseskadelig luft\/gass spres fra avl\u00f8pssystemets luftningsledning.<\/p>\n<p><b>Maxi-Vent<\/b> tilluftsventil \u00e5pnes ved undertrykk og tilf\u00f8rer luft til avl\u00f8pssystemet, noe som gj\u00f8r at funksjonen til vannl\u00e5sen opprettholdes og samtidig gir en mer effektiv flyt i systemet. Ved n\u00f8ytralt trykk og overtrykk er Maxi-Vent stengt og absolutt tett. Med tilluftsventiler f\u00e5r du et lukket avl\u00f8pssystem.<\/p>\n","protected":false},"excerpt":{"rendered":"<p>Byggtekniske fordeler Maxi-Vent gir byggtekniske fordeler siden den erstatter takgjennomf\u00f8ring for tradisjonelt luftningsr\u00f8r og forenkler r\u00f8ropplegget. Med Maxi-Vent forhindrer du at illeluktende og helseskadelig luft\/gass spres fra avl\u00f8pssystemets luftningsledning. Maxi-Vent tilluftsventil \u00e5pnes ved undertrykk og tilf\u00f8rer luft til avl\u00f8pssystemet, noe som gj\u00f8r at funksjonen til vannl\u00e5sen opprettholdes og samtidig gir en mer effektiv flyt i &hellip; <\/p>\n<div class=\"read-more\"><a href=\"https:\/\/fyrahus.se\/nb\/aflobssystem\/maxi-vent\/\">Les videre <cite class=\"sr-only\">Maxi-Vent<\/cite><\/a><\/div>\n","protected":false},"author":1,"featured_media":438,"parent":1313,"menu_order":3,"comment_status":"closed","ping_status":"closed","template":"template-product.php","meta":{"_links_to":"","_links_to_target":""},"yoast_head":"<!-- This site is optimized with the Yoast SEO plugin v15.8 - https:\/\/yoast.com\/wordpress\/plugins\/seo\/ -->\n<title>Maxi-Vent \u2013 Du slipper takgenomf\u00f6ringar f\u00f6r luftningsledning | Fyra Hus<\/title>\n<meta name=\"robots\" content=\"index, follow, max-snippet:-1, max-image-preview:large, max-video-preview:-1\" \/>\n<link rel=\"canonical\" href=\"https:\/\/fyrahus.se\/nb\/aflobssystem\/maxi-vent\/\" \/>\n<meta property=\"og:locale\" content=\"nb_NO\" \/>\n<meta property=\"og:type\" content=\"article\" \/>\n<meta property=\"og:title\" content=\"Maxi-Vent \u2013 Du slipper takgenomf\u00f6ringar f\u00f6r luftningsledning | Fyra Hus\" \/>\n<meta property=\"og:description\" content=\"Byggtekniske fordeler Maxi-Vent gir byggtekniske fordeler siden den erstatter takgjennomf\u00f8ring for tradisjonelt luftningsr\u00f8r og forenkler r\u00f8ropplegget. Med Maxi-Vent forhindrer du at illeluktende og helseskadelig luft\/gass spres fra avl\u00f8pssystemets luftningsledning. Maxi-Vent tilluftsventil \u00e5pnes ved undertrykk og tilf\u00f8rer luft til avl\u00f8pssystemet, noe som gj\u00f8r at funksjonen til vannl\u00e5sen opprettholdes og samtidig gir en mer effektiv flyt i &hellip; Les videre Maxi-Vent\" \/>\n<meta property=\"og:url\" content=\"https:\/\/fyrahus.se\/nb\/aflobssystem\/maxi-vent\/\" \/>\n<meta property=\"og:site_name\" content=\"Fyra Hus\" \/>\n<meta property=\"article:modified_time\" content=\"2016-10-23T16:33:47+00:00\" \/>\n<meta property=\"og:image\" content=\"https:\/\/fyrahus.se\/wp-content\/uploads\/maxi-vent_p4.jpg\" \/>\n\t<meta property=\"og:image:width\" content=\"656\" \/>\n\t<meta property=\"og:image:height\" content=\"668\" \/>\n<meta name=\"twitter:card\" content=\"summary\" \/>\n<script type=\"application\/ld+json\" class=\"yoast-schema-graph\">{\"@context\":\"https:\/\/schema.org\",\"@graph\":[{\"@type\":\"WebSite\",\"@id\":\"https:\/\/fyrahus.se\/#website\",\"url\":\"https:\/\/fyrahus.se\/\",\"name\":\"Fyra Hus\",\"description\":\"Fungerande avlopp\",\"potentialAction\":[{\"@type\":\"SearchAction\",\"target\":\"https:\/\/fyrahus.se\/?s={search_term_string}\",\"query-input\":\"required name=search_term_string\"}],\"inLanguage\":\"nb-NO\"},{\"@type\":\"ImageObject\",\"@id\":\"https:\/\/fyrahus.se\/nb\/aflobssystem\/maxi-vent\/#primaryimage\",\"inLanguage\":\"nb-NO\",\"url\":\"https:\/\/fyrahus.se\/wp-content\/uploads\/maxi-vent_p4.jpg\",\"width\":656,\"height\":668},{\"@type\":\"WebPage\",\"@id\":\"https:\/\/fyrahus.se\/nb\/aflobssystem\/maxi-vent\/#webpage\",\"url\":\"https:\/\/fyrahus.se\/nb\/aflobssystem\/maxi-vent\/\",\"name\":\"Maxi-Vent \\u2013 Du slipper takgenomf\\u00f6ringar f\\u00f6r luftningsledning | Fyra Hus\",\"isPartOf\":{\"@id\":\"https:\/\/fyrahus.se\/#website\"},\"primaryImageOfPage\":{\"@id\":\"https:\/\/fyrahus.se\/nb\/aflobssystem\/maxi-vent\/#primaryimage\"},\"datePublished\":\"2015-09-08T12:19:21+00:00\",\"dateModified\":\"2016-10-23T16:33:47+00:00\",\"breadcrumb\":{\"@id\":\"https:\/\/fyrahus.se\/nb\/aflobssystem\/maxi-vent\/#breadcrumb\"},\"inLanguage\":\"nb-NO\",\"potentialAction\":[{\"@type\":\"ReadAction\",\"target\":[\"https:\/\/fyrahus.se\/nb\/aflobssystem\/maxi-vent\/\"]}]},{\"@type\":\"BreadcrumbList\",\"@id\":\"https:\/\/fyrahus.se\/nb\/aflobssystem\/maxi-vent\/#breadcrumb\",\"itemListElement\":[{\"@type\":\"ListItem\",\"position\":1,\"item\":{\"@type\":\"WebPage\",\"@id\":\"https:\/\/fyrahus.se\/nb\/\",\"url\":\"https:\/\/fyrahus.se\/nb\/\",\"name\":\"Hem\"}},{\"@type\":\"ListItem\",\"position\":2,\"item\":{\"@type\":\"WebPage\",\"@id\":\"https:\/\/fyrahus.se\/avloppssystem\/\",\"url\":\"https:\/\/fyrahus.se\/avloppssystem\/\",\"name\":\"FUNGERENDE AVL\\u00d8PSSYSTEM\"}},{\"@type\":\"ListItem\",\"position\":3,\"item\":{\"@type\":\"WebPage\",\"@id\":\"https:\/\/fyrahus.se\/nb\/aflobssystem\/maxi-vent\/\",\"url\":\"https:\/\/fyrahus.se\/nb\/aflobssystem\/maxi-vent\/\",\"name\":\"Maxi-Vent\"}}]}]}<\/script>\n<!-- \/ Yoast SEO plugin. -->","_links":{"self":[{"href":"https:\/\/fyrahus.se\/nb\/wp-json\/wp\/v2\/pages\/1325"}],"collection":[{"href":"https:\/\/fyrahus.se\/nb\/wp-json\/wp\/v2\/pages"}],"about":[{"href":"https:\/\/fyrahus.se\/nb\/wp-json\/wp\/v2\/types\/page"}],"author":[{"embeddable":true,"href":"https:\/\/fyrahus.se\/nb\/wp-json\/wp\/v2\/users\/1"}],"replies":[{"embeddable":true,"href":"https:\/\/fyrahus.se\/nb\/wp-json\/wp\/v2\/comments?post=1325"}],"version-history":[{"count":4,"href":"https:\/\/fyrahus.se\/nb\/wp-json\/wp\/v2\/pages\/1325\/revisions"}],"predecessor-version":[{"id":1487,"href":"https:\/\/fyrahus.se\/nb\/wp-json\/wp\/v2\/pages\/1325\/revisions\/1487"}],"up":[{"embeddable":true,"href":"https:\/\/fyrahus.se\/nb\/wp-json\/wp\/v2\/pages\/1313"}],"wp:featuredmedia":[{"embeddable":true,"href":"https:\/\/fyrahus.se\/nb\/wp-json\/wp\/v2\/media\/438"}],"wp:attachment":[{"href":"https:\/\/fyrahus.se\/nb\/wp-json\/wp\/v2\/media?parent=1325"}],"curies":[{"name":"wp","href":"https:\/\/api.w.org\/{rel}","templated":true}]}}