{"id":1320,"date":"2015-09-21T11:46:08","date_gmt":"2015-09-21T09:46:08","guid":{"rendered":"http:\/\/fyrahus.se.loopiadns.com\/nb\/aflobssystem\/mini-vent\/"},"modified":"2016-10-23T18:33:21","modified_gmt":"2016-10-23T16:33:21","slug":"mini-vent","status":"publish","type":"page","link":"https:\/\/fyrahus.se\/nb\/aflobssystem\/mini-vent\/","title":{"rendered":"Mini-Vent"},"content":{"rendered":"<p><b>Mini-Vent<\/b> tilluftssventil gir en enkel og trygg beskyttelse til avl\u00f8pssystemet ved \u00e5 tilf\u00f8re luft som gj\u00f8r at vannl\u00e5sens funksjon bevares ved undertrykk og gir en mer effektiv flyt i systemet.<\/p>\n<p><b>Mini-Vent<\/b> tilluftsventil \u00e5pnes ved undertrykk og slipper inn luft i avl\u00f8pssystemet. Ved n\u00f8ytralt trykk og overtrykk er den stengt og absolutt tett.<\/p>\n<p><b>Mini-Vent<\/b> er godkjent for montering under vannkildens oversv\u00f8mmelsesniv\u00e5.<\/p>\n<p><b>Mini-Vent <\/b>l\u00f8ser problemer som oppst\u00e5r ved lange grenr\u00f8r (manifold).<\/p>\n","protected":false},"excerpt":{"rendered":"<p>Mini-Vent tilluftssventil gir en enkel og trygg beskyttelse til avl\u00f8pssystemet ved \u00e5 tilf\u00f8re luft som gj\u00f8r at vannl\u00e5sens funksjon bevares ved undertrykk og gir en mer effektiv flyt i systemet. Mini-Vent tilluftsventil \u00e5pnes ved undertrykk og slipper inn luft i avl\u00f8pssystemet. Ved n\u00f8ytralt trykk og overtrykk er den stengt og absolutt tett. Mini-Vent er godkjent &hellip; <\/p>\n<div class=\"read-more\"><a href=\"https:\/\/fyrahus.se\/nb\/aflobssystem\/mini-vent\/\">Les videre <cite class=\"sr-only\">Mini-Vent<\/cite><\/a><\/div>\n","protected":false},"author":1,"featured_media":439,"parent":1313,"menu_order":2,"comment_status":"closed","ping_status":"closed","template":"template-product.php","meta":{"_links_to":"","_links_to_target":""},"yoast_head":"<!-- This site is optimized with the Yoast SEO plugin v15.8 - https:\/\/yoast.com\/wordpress\/plugins\/seo\/ -->\n<title>Mini-Vent \u2013 Ett enkelt och s\u00e4kert skydd till avloppsystemet | Fyra Hus<\/title>\n<meta name=\"robots\" content=\"index, follow, max-snippet:-1, max-image-preview:large, max-video-preview:-1\" \/>\n<link rel=\"canonical\" href=\"https:\/\/fyrahus.se\/nb\/aflobssystem\/mini-vent\/\" \/>\n<meta property=\"og:locale\" content=\"nb_NO\" \/>\n<meta property=\"og:type\" content=\"article\" \/>\n<meta property=\"og:title\" content=\"Mini-Vent \u2013 Ett enkelt och s\u00e4kert skydd till avloppsystemet | Fyra Hus\" \/>\n<meta property=\"og:description\" content=\"Mini-Vent tilluftssventil gir en enkel og trygg beskyttelse til avl\u00f8pssystemet ved \u00e5 tilf\u00f8re luft som gj\u00f8r at vannl\u00e5sens funksjon bevares ved undertrykk og gir en mer effektiv flyt i systemet. Mini-Vent tilluftsventil \u00e5pnes ved undertrykk og slipper inn luft i avl\u00f8pssystemet. Ved n\u00f8ytralt trykk og overtrykk er den stengt og absolutt tett. Mini-Vent er godkjent &hellip; Les videre Mini-Vent\" \/>\n<meta property=\"og:url\" content=\"https:\/\/fyrahus.se\/nb\/aflobssystem\/mini-vent\/\" \/>\n<meta property=\"og:site_name\" content=\"Fyra Hus\" \/>\n<meta property=\"article:modified_time\" content=\"2016-10-23T16:33:21+00:00\" \/>\n<meta property=\"og:image\" content=\"https:\/\/fyrahus.se\/wp-content\/uploads\/mini-vent_p1.jpg\" \/>\n\t<meta property=\"og:image:width\" content=\"656\" \/>\n\t<meta property=\"og:image:height\" content=\"668\" \/>\n<meta name=\"twitter:card\" content=\"summary\" \/>\n<script type=\"application\/ld+json\" class=\"yoast-schema-graph\">{\"@context\":\"https:\/\/schema.org\",\"@graph\":[{\"@type\":\"WebSite\",\"@id\":\"https:\/\/fyrahus.se\/#website\",\"url\":\"https:\/\/fyrahus.se\/\",\"name\":\"Fyra Hus\",\"description\":\"Fungerande avlopp\",\"potentialAction\":[{\"@type\":\"SearchAction\",\"target\":\"https:\/\/fyrahus.se\/?s={search_term_string}\",\"query-input\":\"required name=search_term_string\"}],\"inLanguage\":\"nb-NO\"},{\"@type\":\"ImageObject\",\"@id\":\"https:\/\/fyrahus.se\/nb\/aflobssystem\/mini-vent\/#primaryimage\",\"inLanguage\":\"nb-NO\",\"url\":\"https:\/\/fyrahus.se\/wp-content\/uploads\/mini-vent_p1.jpg\",\"width\":656,\"height\":668},{\"@type\":\"WebPage\",\"@id\":\"https:\/\/fyrahus.se\/nb\/aflobssystem\/mini-vent\/#webpage\",\"url\":\"https:\/\/fyrahus.se\/nb\/aflobssystem\/mini-vent\/\",\"name\":\"Mini-Vent \\u2013 Ett enkelt och s\\u00e4kert skydd till avloppsystemet | Fyra Hus\",\"isPartOf\":{\"@id\":\"https:\/\/fyrahus.se\/#website\"},\"primaryImageOfPage\":{\"@id\":\"https:\/\/fyrahus.se\/nb\/aflobssystem\/mini-vent\/#primaryimage\"},\"datePublished\":\"2015-09-21T09:46:08+00:00\",\"dateModified\":\"2016-10-23T16:33:21+00:00\",\"breadcrumb\":{\"@id\":\"https:\/\/fyrahus.se\/nb\/aflobssystem\/mini-vent\/#breadcrumb\"},\"inLanguage\":\"nb-NO\",\"potentialAction\":[{\"@type\":\"ReadAction\",\"target\":[\"https:\/\/fyrahus.se\/nb\/aflobssystem\/mini-vent\/\"]}]},{\"@type\":\"BreadcrumbList\",\"@id\":\"https:\/\/fyrahus.se\/nb\/aflobssystem\/mini-vent\/#breadcrumb\",\"itemListElement\":[{\"@type\":\"ListItem\",\"position\":1,\"item\":{\"@type\":\"WebPage\",\"@id\":\"https:\/\/fyrahus.se\/nb\/\",\"url\":\"https:\/\/fyrahus.se\/nb\/\",\"name\":\"Hem\"}},{\"@type\":\"ListItem\",\"position\":2,\"item\":{\"@type\":\"WebPage\",\"@id\":\"https:\/\/fyrahus.se\/avloppssystem\/\",\"url\":\"https:\/\/fyrahus.se\/avloppssystem\/\",\"name\":\"FUNGERENDE AVL\\u00d8PSSYSTEM\"}},{\"@type\":\"ListItem\",\"position\":3,\"item\":{\"@type\":\"WebPage\",\"@id\":\"https:\/\/fyrahus.se\/nb\/aflobssystem\/mini-vent\/\",\"url\":\"https:\/\/fyrahus.se\/nb\/aflobssystem\/mini-vent\/\",\"name\":\"Mini-Vent\"}}]}]}<\/script>\n<!-- \/ Yoast SEO plugin. -->","_links":{"self":[{"href":"https:\/\/fyrahus.se\/nb\/wp-json\/wp\/v2\/pages\/1320"}],"collection":[{"href":"https:\/\/fyrahus.se\/nb\/wp-json\/wp\/v2\/pages"}],"about":[{"href":"https:\/\/fyrahus.se\/nb\/wp-json\/wp\/v2\/types\/page"}],"author":[{"embeddable":true,"href":"https:\/\/fyrahus.se\/nb\/wp-json\/wp\/v2\/users\/1"}],"replies":[{"embeddable":true,"href":"https:\/\/fyrahus.se\/nb\/wp-json\/wp\/v2\/comments?post=1320"}],"version-history":[{"count":5,"href":"https:\/\/fyrahus.se\/nb\/wp-json\/wp\/v2\/pages\/1320\/revisions"}],"predecessor-version":[{"id":1486,"href":"https:\/\/fyrahus.se\/nb\/wp-json\/wp\/v2\/pages\/1320\/revisions\/1486"}],"up":[{"embeddable":true,"href":"https:\/\/fyrahus.se\/nb\/wp-json\/wp\/v2\/pages\/1313"}],"wp:featuredmedia":[{"embeddable":true,"href":"https:\/\/fyrahus.se\/nb\/wp-json\/wp\/v2\/media\/439"}],"wp:attachment":[{"href":"https:\/\/fyrahus.se\/nb\/wp-json\/wp\/v2\/media?parent=1320"}],"curies":[{"name":"wp","href":"https:\/\/api.w.org\/{rel}","templated":true}]}}