{"id":1313,"date":"2015-09-02T12:58:12","date_gmt":"2015-09-02T10:58:12","guid":{"rendered":"http:\/\/fyrahus.se.loopiadns.com\/nb\/aflobssystem\/"},"modified":"2016-10-10T23:53:34","modified_gmt":"2016-10-10T21:53:34","slug":"aflobssystem","status":"publish","type":"page","link":"https:\/\/fyrahus.se\/nb\/aflobssystem\/","title":{"rendered":"FUNGERENDE AVL\u00d8PSSYSTEM"},"content":{"rendered":"<h3 style=\"text-align: left\"><b>Avl\u00f8pets hovedproblem<\/b><\/h3>\n<p>Ubalanse p\u00e5 grunn av trykkforandringer (over-, men fremfor alt undertrykk) oppst\u00e5r ved bruk av avl\u00f8pssystemet og f\u00f8rer til d\u00e5rlig flyt og t\u00f8mt\/utett vannl\u00e5s. Hoved\u00e5rsaken er at avl\u00f8pssystemet ikke er dimensjonert for dagens mer intensive bruk, samt at de ulike inng\u00e5ende komponentene, s\u00e5 vel som design av systemet, tradisjonelt sett har mangler.<\/p>\n<h3 style=\"text-align: left\">Konsekvenser<\/h3>\n<p>\u2022 Lukt og ubehag<\/p>\n<p>\u2022 Stort vedlikeholdsbehov<\/p>\n<p>\u2022 Risiko for smittespredning<\/p>\n<h3 style=\"text-align: left\">L\u00f8sningen \u2013 Et lukket ettr\u00f8rssystem<\/h3>\n<p>I et lukket, balansert ettr\u00f8rssystem monteres tilluftsventiler (<a href=\"http:\/\/fyrahus.se\/nb\/aflobssystem\/trap-vent\/\">Trap-Vent<\/a>, <a href=\"http:\/\/fyrahus.se\/nb\/aflobssystem\/mini-vent\/\">Mini-Vent<\/a>, <a href=\"http:\/\/fyrahus.se\/nb\/aflobssystem\/maxi-vent\/\">Maxi-Vent<\/a>) p\u00e5 avl\u00f8psledninger. Med tilluftsventiler bygger du avl\u00f8pssystemet uten \u00e5pne avl\u00f8psstammer og ventiler. Ved h\u00f8yere bygninger oppst\u00e5r det ofte overtrykk ved f.eks. retningsendringer. I s\u00e5 fall kan dette kompenseres med overtrykksdempere (<a href=\"http:\/\/fyrahus.se\/nb\/aflobssystem\/papa\/\">P.A.P.A<\/a>.).<\/p>\n","protected":false},"excerpt":{"rendered":"<p>Avl\u00f8pets hovedproblem Ubalanse p\u00e5 grunn av trykkforandringer (over-, men fremfor alt undertrykk) oppst\u00e5r ved bruk av avl\u00f8pssystemet og f\u00f8rer til d\u00e5rlig flyt og t\u00f8mt\/utett vannl\u00e5s. Hoved\u00e5rsaken er at avl\u00f8pssystemet ikke er dimensjonert for dagens mer intensive bruk, samt at de ulike inng\u00e5ende komponentene, s\u00e5 vel som design av systemet, tradisjonelt sett har mangler. Konsekvenser \u2022 &hellip; <\/p>\n<div class=\"read-more\"><a href=\"https:\/\/fyrahus.se\/nb\/aflobssystem\/\">Les videre <cite class=\"sr-only\">FUNGERENDE AVL\u00d8PSSYSTEM<\/cite><\/a><\/div>\n","protected":false},"author":1,"featured_media":0,"parent":0,"menu_order":10,"comment_status":"closed","ping_status":"closed","template":"template-overview.php","meta":{"_links_to":"","_links_to_target":""},"yoast_head":"<!-- This site is optimized with the Yoast SEO plugin v15.8 - https:\/\/yoast.com\/wordpress\/plugins\/seo\/ -->\n<title>FUNGERENDE AVL\u00d8PSSYSTEM - Fyra Hus<\/title>\n<meta name=\"robots\" content=\"index, follow, max-snippet:-1, max-image-preview:large, max-video-preview:-1\" \/>\n<link rel=\"canonical\" href=\"https:\/\/fyrahus.se\/avloppssystem\/\" \/>\n<meta property=\"og:locale\" content=\"nb_NO\" \/>\n<meta property=\"og:type\" content=\"article\" \/>\n<meta property=\"og:title\" content=\"FUNGERENDE AVL\u00d8PSSYSTEM - Fyra Hus\" \/>\n<meta property=\"og:description\" content=\"Avl\u00f8pets hovedproblem Ubalanse p\u00e5 grunn av trykkforandringer (over-, men fremfor alt undertrykk) oppst\u00e5r ved bruk av avl\u00f8pssystemet og f\u00f8rer til d\u00e5rlig flyt og t\u00f8mt\/utett vannl\u00e5s. Hoved\u00e5rsaken er at avl\u00f8pssystemet ikke er dimensjonert for dagens mer intensive bruk, samt at de ulike inng\u00e5ende komponentene, s\u00e5 vel som design av systemet, tradisjonelt sett har mangler. Konsekvenser \u2022 &hellip; Les videre FUNGERENDE AVL\u00d8PSSYSTEM\" \/>\n<meta property=\"og:url\" content=\"https:\/\/fyrahus.se\/avloppssystem\/\" \/>\n<meta property=\"og:site_name\" content=\"Fyra Hus\" \/>\n<meta property=\"article:modified_time\" content=\"2016-10-10T21:53:34+00:00\" \/>\n<meta name=\"twitter:card\" content=\"summary\" \/>\n<meta name=\"twitter:label1\" content=\"Ansl. lesetid\">\n\t<meta name=\"twitter:data1\" content=\"1 minutt\">\n<script type=\"application\/ld+json\" class=\"yoast-schema-graph\">{\"@context\":\"https:\/\/schema.org\",\"@graph\":[{\"@type\":\"WebSite\",\"@id\":\"https:\/\/fyrahus.se\/#website\",\"url\":\"https:\/\/fyrahus.se\/\",\"name\":\"Fyra Hus\",\"description\":\"Fungerande avlopp\",\"potentialAction\":[{\"@type\":\"SearchAction\",\"target\":\"https:\/\/fyrahus.se\/?s={search_term_string}\",\"query-input\":\"required name=search_term_string\"}],\"inLanguage\":\"nb-NO\"},{\"@type\":\"WebPage\",\"@id\":\"https:\/\/fyrahus.se\/avloppssystem\/#webpage\",\"url\":\"https:\/\/fyrahus.se\/avloppssystem\/\",\"name\":\"FUNGERENDE AVL\\u00d8PSSYSTEM - Fyra Hus\",\"isPartOf\":{\"@id\":\"https:\/\/fyrahus.se\/#website\"},\"datePublished\":\"2015-09-02T10:58:12+00:00\",\"dateModified\":\"2016-10-10T21:53:34+00:00\",\"breadcrumb\":{\"@id\":\"https:\/\/fyrahus.se\/avloppssystem\/#breadcrumb\"},\"inLanguage\":\"nb-NO\",\"potentialAction\":[{\"@type\":\"ReadAction\",\"target\":[\"https:\/\/fyrahus.se\/avloppssystem\/\"]}]},{\"@type\":\"BreadcrumbList\",\"@id\":\"https:\/\/fyrahus.se\/avloppssystem\/#breadcrumb\",\"itemListElement\":[{\"@type\":\"ListItem\",\"position\":1,\"item\":{\"@type\":\"WebPage\",\"@id\":\"https:\/\/fyrahus.se\/nb\/\",\"url\":\"https:\/\/fyrahus.se\/nb\/\",\"name\":\"Hem\"}},{\"@type\":\"ListItem\",\"position\":2,\"item\":{\"@type\":\"WebPage\",\"@id\":\"https:\/\/fyrahus.se\/avloppssystem\/\",\"url\":\"https:\/\/fyrahus.se\/avloppssystem\/\",\"name\":\"FUNGERENDE AVL\\u00d8PSSYSTEM\"}}]}]}<\/script>\n<!-- \/ Yoast SEO plugin. -->","_links":{"self":[{"href":"https:\/\/fyrahus.se\/nb\/wp-json\/wp\/v2\/pages\/1313"}],"collection":[{"href":"https:\/\/fyrahus.se\/nb\/wp-json\/wp\/v2\/pages"}],"about":[{"href":"https:\/\/fyrahus.se\/nb\/wp-json\/wp\/v2\/types\/page"}],"author":[{"embeddable":true,"href":"https:\/\/fyrahus.se\/nb\/wp-json\/wp\/v2\/users\/1"}],"replies":[{"embeddable":true,"href":"https:\/\/fyrahus.se\/nb\/wp-json\/wp\/v2\/comments?post=1313"}],"version-history":[{"count":5,"href":"https:\/\/fyrahus.se\/nb\/wp-json\/wp\/v2\/pages\/1313\/revisions"}],"predecessor-version":[{"id":1377,"href":"https:\/\/fyrahus.se\/nb\/wp-json\/wp\/v2\/pages\/1313\/revisions\/1377"}],"wp:attachment":[{"href":"https:\/\/fyrahus.se\/nb\/wp-json\/wp\/v2\/media?parent=1313"}],"curies":[{"name":"wp","href":"https:\/\/api.w.org\/{rel}","templated":true}]}}