{"id":1308,"date":"2016-10-09T20:29:00","date_gmt":"2016-10-09T18:29:00","guid":{"rendered":"http:\/\/fyrahus.se.loopiadns.com\/nb\/?page_id=1308"},"modified":"2016-10-23T18:32:29","modified_gmt":"2016-10-23T16:32:29","slug":"trap-vent","status":"publish","type":"page","link":"https:\/\/fyrahus.se\/nb\/aflobssystem\/trap-vent\/","title":{"rendered":"Trap-Vent"},"content":{"rendered":"<h3 style=\"text-align: left\"><b>Minsker vedlikeholdet og forbedrer avl\u00f8pets<\/b><b> <\/b><b>funksjon<\/b><\/h3>\n<p><b>Trap-Vent<\/b> har en unik, selvrensende funksjon. Vannl\u00e5sen t\u00f8mmes effektivt ved bruk da den innvendige profilen er utformet slik at man f\u00e5r en utspylingseffekt hvor ingenting fester seg p\u00e5 veien gjennom vannl\u00e5sen.<\/p>\n<p><b>Trap-Vent<\/b> \u00e5pnes allerede ved -70 Pa undertrykk og tilf\u00f8rer luft til avl\u00f8pssystemet. Slik forbedres flyten i avl\u00f8pssystemet og vannl\u00e5sen hindres fra \u00e5 t\u00f8mmes. Ved n\u00f8ytralt trykk og overtrykk er tilluftsventilen stengt og absolutt tett.<\/p>\n","protected":false},"excerpt":{"rendered":"<p>Minsker vedlikeholdet og forbedrer avl\u00f8pets funksjon Trap-Vent har en unik, selvrensende funksjon. Vannl\u00e5sen t\u00f8mmes effektivt ved bruk da den innvendige profilen er utformet slik at man f\u00e5r en utspylingseffekt hvor ingenting fester seg p\u00e5 veien gjennom vannl\u00e5sen. Trap-Vent \u00e5pnes allerede ved -70 Pa undertrykk og tilf\u00f8rer luft til avl\u00f8pssystemet. Slik forbedres flyten i avl\u00f8pssystemet og &hellip; <\/p>\n<div class=\"read-more\"><a href=\"https:\/\/fyrahus.se\/nb\/aflobssystem\/trap-vent\/\">Les videre <cite class=\"sr-only\">Trap-Vent<\/cite><\/a><\/div>\n","protected":false},"author":2,"featured_media":350,"parent":1313,"menu_order":1,"comment_status":"closed","ping_status":"closed","template":"template-product.php","meta":{"_links_to":"","_links_to_target":""},"yoast_head":"<!-- This site is optimized with the Yoast SEO plugin v15.8 - https:\/\/yoast.com\/wordpress\/plugins\/seo\/ -->\n<title>Trap-Vent \u2013 Sj\u00e4lvrensande vattenl\u00e5s med tilluftsventil | Fyra Hus<\/title>\n<meta name=\"robots\" content=\"index, follow, max-snippet:-1, max-image-preview:large, max-video-preview:-1\" \/>\n<link rel=\"canonical\" href=\"https:\/\/fyrahus.se\/nb\/aflobssystem\/trap-vent\/\" \/>\n<meta property=\"og:locale\" content=\"nb_NO\" \/>\n<meta property=\"og:type\" content=\"article\" \/>\n<meta property=\"og:title\" content=\"Trap-Vent \u2013 Sj\u00e4lvrensande vattenl\u00e5s med tilluftsventil | Fyra Hus\" \/>\n<meta property=\"og:description\" content=\"Minsker vedlikeholdet og forbedrer avl\u00f8pets funksjon Trap-Vent har en unik, selvrensende funksjon. Vannl\u00e5sen t\u00f8mmes effektivt ved bruk da den innvendige profilen er utformet slik at man f\u00e5r en utspylingseffekt hvor ingenting fester seg p\u00e5 veien gjennom vannl\u00e5sen. Trap-Vent \u00e5pnes allerede ved -70 Pa undertrykk og tilf\u00f8rer luft til avl\u00f8pssystemet. Slik forbedres flyten i avl\u00f8pssystemet og &hellip; Les videre Trap-Vent\" \/>\n<meta property=\"og:url\" content=\"https:\/\/fyrahus.se\/nb\/aflobssystem\/trap-vent\/\" \/>\n<meta property=\"og:site_name\" content=\"Fyra Hus\" \/>\n<meta property=\"article:modified_time\" content=\"2016-10-23T16:32:29+00:00\" \/>\n<meta property=\"og:image\" content=\"https:\/\/fyrahus.se\/wp-content\/uploads\/Trap-vent_p1.jpg\" \/>\n\t<meta property=\"og:image:width\" content=\"1409\" \/>\n\t<meta property=\"og:image:height\" content=\"1409\" \/>\n<meta name=\"twitter:card\" content=\"summary\" \/>\n<script type=\"application\/ld+json\" class=\"yoast-schema-graph\">{\"@context\":\"https:\/\/schema.org\",\"@graph\":[{\"@type\":\"WebSite\",\"@id\":\"https:\/\/fyrahus.se\/#website\",\"url\":\"https:\/\/fyrahus.se\/\",\"name\":\"Fyra Hus\",\"description\":\"Fungerande avlopp\",\"potentialAction\":[{\"@type\":\"SearchAction\",\"target\":\"https:\/\/fyrahus.se\/?s={search_term_string}\",\"query-input\":\"required name=search_term_string\"}],\"inLanguage\":\"nb-NO\"},{\"@type\":\"ImageObject\",\"@id\":\"https:\/\/fyrahus.se\/nb\/aflobssystem\/trap-vent\/#primaryimage\",\"inLanguage\":\"nb-NO\",\"url\":\"https:\/\/fyrahus.se\/wp-content\/uploads\/Trap-vent_p1.jpg\",\"width\":1409,\"height\":1409},{\"@type\":\"WebPage\",\"@id\":\"https:\/\/fyrahus.se\/nb\/aflobssystem\/trap-vent\/#webpage\",\"url\":\"https:\/\/fyrahus.se\/nb\/aflobssystem\/trap-vent\/\",\"name\":\"Trap-Vent \\u2013 Sj\\u00e4lvrensande vattenl\\u00e5s med tilluftsventil | Fyra Hus\",\"isPartOf\":{\"@id\":\"https:\/\/fyrahus.se\/#website\"},\"primaryImageOfPage\":{\"@id\":\"https:\/\/fyrahus.se\/nb\/aflobssystem\/trap-vent\/#primaryimage\"},\"datePublished\":\"2016-10-09T18:29:00+00:00\",\"dateModified\":\"2016-10-23T16:32:29+00:00\",\"breadcrumb\":{\"@id\":\"https:\/\/fyrahus.se\/nb\/aflobssystem\/trap-vent\/#breadcrumb\"},\"inLanguage\":\"nb-NO\",\"potentialAction\":[{\"@type\":\"ReadAction\",\"target\":[\"https:\/\/fyrahus.se\/nb\/aflobssystem\/trap-vent\/\"]}]},{\"@type\":\"BreadcrumbList\",\"@id\":\"https:\/\/fyrahus.se\/nb\/aflobssystem\/trap-vent\/#breadcrumb\",\"itemListElement\":[{\"@type\":\"ListItem\",\"position\":1,\"item\":{\"@type\":\"WebPage\",\"@id\":\"https:\/\/fyrahus.se\/nb\/\",\"url\":\"https:\/\/fyrahus.se\/nb\/\",\"name\":\"Hem\"}},{\"@type\":\"ListItem\",\"position\":2,\"item\":{\"@type\":\"WebPage\",\"@id\":\"https:\/\/fyrahus.se\/avloppssystem\/\",\"url\":\"https:\/\/fyrahus.se\/avloppssystem\/\",\"name\":\"FUNGERENDE AVL\\u00d8PSSYSTEM\"}},{\"@type\":\"ListItem\",\"position\":3,\"item\":{\"@type\":\"WebPage\",\"@id\":\"https:\/\/fyrahus.se\/nb\/aflobssystem\/trap-vent\/\",\"url\":\"https:\/\/fyrahus.se\/nb\/aflobssystem\/trap-vent\/\",\"name\":\"Trap-Vent\"}}]}]}<\/script>\n<!-- \/ Yoast SEO plugin. -->","_links":{"self":[{"href":"https:\/\/fyrahus.se\/nb\/wp-json\/wp\/v2\/pages\/1308"}],"collection":[{"href":"https:\/\/fyrahus.se\/nb\/wp-json\/wp\/v2\/pages"}],"about":[{"href":"https:\/\/fyrahus.se\/nb\/wp-json\/wp\/v2\/types\/page"}],"author":[{"embeddable":true,"href":"https:\/\/fyrahus.se\/nb\/wp-json\/wp\/v2\/users\/2"}],"replies":[{"embeddable":true,"href":"https:\/\/fyrahus.se\/nb\/wp-json\/wp\/v2\/comments?post=1308"}],"version-history":[{"count":5,"href":"https:\/\/fyrahus.se\/nb\/wp-json\/wp\/v2\/pages\/1308\/revisions"}],"predecessor-version":[{"id":1485,"href":"https:\/\/fyrahus.se\/nb\/wp-json\/wp\/v2\/pages\/1308\/revisions\/1485"}],"up":[{"embeddable":true,"href":"https:\/\/fyrahus.se\/nb\/wp-json\/wp\/v2\/pages\/1313"}],"wp:featuredmedia":[{"embeddable":true,"href":"https:\/\/fyrahus.se\/nb\/wp-json\/wp\/v2\/media\/350"}],"wp:attachment":[{"href":"https:\/\/fyrahus.se\/nb\/wp-json\/wp\/v2\/media?parent=1308"}],"curies":[{"name":"wp","href":"https:\/\/api.w.org\/{rel}","templated":true}]}}