{"id":1461,"date":"2015-09-02T14:01:25","date_gmt":"2015-09-02T12:01:25","guid":{"rendered":"http:\/\/fyrahus.se.loopiadns.com\/fi\/avloppssystem\/papa\/"},"modified":"2016-10-13T10:26:49","modified_gmt":"2016-10-13T08:26:49","slug":"papa","status":"publish","type":"page","link":"https:\/\/fyrahus.se\/fi\/avloppssystem\/papa\/","title":{"rendered":"P.A.P.A."},"content":{"rendered":"<h3 style=\"text-align: left\"><strong>P.A.P.A. on mullistava tuote<\/strong><\/h3>\n<p><strong>P.A.P.A. <\/strong>(Positive Air Pressure Attenuator) vaimentaa suuren kuormituksen aiheuttaman tilap\u00e4isen ylipaineen viem\u00e4rij\u00e4rjestelm\u00e4ss\u00e4. Ylipainetta esiintyy etenkin kerrostaloissa liikkeen suunnan muuttuessa (nesteisku-ilmi\u00f6).<\/p>\n<p><strong>P.A.P.A. <\/strong>tarjoaa LVI-asentajalle, arkkitehdille ja rakennusinsin\u00f6\u00f6rille vapauden yksinkertaistaa viem\u00e4rij\u00e4rjestelm\u00e4n rakennelmaa.<\/p>\n","protected":false},"excerpt":{"rendered":"<p>P.A.P.A. on mullistava tuote P.A.P.A. (Positive Air Pressure Attenuator) vaimentaa suuren kuormituksen aiheuttaman tilap\u00e4isen ylipaineen viem\u00e4rij\u00e4rjestelm\u00e4ss\u00e4. Ylipainetta esiintyy etenkin kerrostaloissa liikkeen suunnan muuttuessa (nesteisku-ilmi\u00f6). P.A.P.A. tarjoaa LVI-asentajalle, arkkitehdille ja rakennusinsin\u00f6\u00f6rille vapauden yksinkertaistaa viem\u00e4rij\u00e4rjestelm\u00e4n rakennelmaa.<\/p>\n","protected":false},"author":1,"featured_media":347,"parent":1416,"menu_order":5,"comment_status":"closed","ping_status":"closed","template":"template-product.php","meta":{"_links_to":"","_links_to_target":""},"yoast_head":"<!-- This site is optimized with the Yoast SEO plugin v15.8 - https:\/\/yoast.com\/wordpress\/plugins\/seo\/ -->\n<title>P.A.P.A \u2013 \u00d6vertrycksd\u00e4mpare f\u00f6r fungerande avloppsystem | Fyra Hus<\/title>\n<meta name=\"robots\" content=\"index, follow, max-snippet:-1, max-image-preview:large, max-video-preview:-1\" \/>\n<link rel=\"canonical\" href=\"https:\/\/fyrahus.se\/fi\/avloppssystem\/papa\/\" \/>\n<meta property=\"og:locale\" content=\"fi_FI\" \/>\n<meta property=\"og:type\" content=\"article\" \/>\n<meta property=\"og:title\" content=\"P.A.P.A \u2013 \u00d6vertrycksd\u00e4mpare f\u00f6r fungerande avloppsystem | Fyra Hus\" \/>\n<meta property=\"og:description\" content=\"P.A.P.A. on mullistava tuote P.A.P.A. (Positive Air Pressure Attenuator) vaimentaa suuren kuormituksen aiheuttaman tilap\u00e4isen ylipaineen viem\u00e4rij\u00e4rjestelm\u00e4ss\u00e4. Ylipainetta esiintyy etenkin kerrostaloissa liikkeen suunnan muuttuessa (nesteisku-ilmi\u00f6). P.A.P.A. tarjoaa LVI-asentajalle, arkkitehdille ja rakennusinsin\u00f6\u00f6rille vapauden yksinkertaistaa viem\u00e4rij\u00e4rjestelm\u00e4n rakennelmaa.\" \/>\n<meta property=\"og:url\" content=\"https:\/\/fyrahus.se\/fi\/avloppssystem\/papa\/\" \/>\n<meta property=\"og:site_name\" content=\"Fyra Hus\" \/>\n<meta property=\"article:modified_time\" content=\"2016-10-13T08:26:49+00:00\" \/>\n<meta property=\"og:image\" content=\"https:\/\/fyrahus.se\/wp-content\/uploads\/PAPA_p2.jpg\" \/>\n\t<meta property=\"og:image:width\" content=\"1277\" \/>\n\t<meta property=\"og:image:height\" content=\"1277\" \/>\n<meta name=\"twitter:card\" content=\"summary\" \/>\n<script type=\"application\/ld+json\" class=\"yoast-schema-graph\">{\"@context\":\"https:\/\/schema.org\",\"@graph\":[{\"@type\":\"WebSite\",\"@id\":\"https:\/\/fyrahus.se\/#website\",\"url\":\"https:\/\/fyrahus.se\/\",\"name\":\"Fyra Hus\",\"description\":\"Fungerande avlopp\",\"potentialAction\":[{\"@type\":\"SearchAction\",\"target\":\"https:\/\/fyrahus.se\/?s={search_term_string}\",\"query-input\":\"required name=search_term_string\"}],\"inLanguage\":\"fi\"},{\"@type\":\"ImageObject\",\"@id\":\"https:\/\/fyrahus.se\/fi\/avloppssystem\/papa\/#primaryimage\",\"inLanguage\":\"fi\",\"url\":\"https:\/\/fyrahus.se\/wp-content\/uploads\/PAPA_p2.jpg\",\"width\":1277,\"height\":1277},{\"@type\":\"WebPage\",\"@id\":\"https:\/\/fyrahus.se\/fi\/avloppssystem\/papa\/#webpage\",\"url\":\"https:\/\/fyrahus.se\/fi\/avloppssystem\/papa\/\",\"name\":\"P.A.P.A \\u2013 \\u00d6vertrycksd\\u00e4mpare f\\u00f6r fungerande avloppsystem | Fyra Hus\",\"isPartOf\":{\"@id\":\"https:\/\/fyrahus.se\/#website\"},\"primaryImageOfPage\":{\"@id\":\"https:\/\/fyrahus.se\/fi\/avloppssystem\/papa\/#primaryimage\"},\"datePublished\":\"2015-09-02T12:01:25+00:00\",\"dateModified\":\"2016-10-13T08:26:49+00:00\",\"breadcrumb\":{\"@id\":\"https:\/\/fyrahus.se\/fi\/avloppssystem\/papa\/#breadcrumb\"},\"inLanguage\":\"fi\",\"potentialAction\":[{\"@type\":\"ReadAction\",\"target\":[\"https:\/\/fyrahus.se\/fi\/avloppssystem\/papa\/\"]}]},{\"@type\":\"BreadcrumbList\",\"@id\":\"https:\/\/fyrahus.se\/fi\/avloppssystem\/papa\/#breadcrumb\",\"itemListElement\":[{\"@type\":\"ListItem\",\"position\":1,\"item\":{\"@type\":\"WebPage\",\"@id\":\"https:\/\/fyrahus.se\/fi\/\",\"url\":\"https:\/\/fyrahus.se\/fi\/\",\"name\":\"Hem\"}},{\"@type\":\"ListItem\",\"position\":2,\"item\":{\"@type\":\"WebPage\",\"@id\":\"https:\/\/fyrahus.se\/fi\/avloppssystem\/\",\"url\":\"https:\/\/fyrahus.se\/fi\/avloppssystem\/\",\"name\":\"TOIMIVA VIEM\\u00c4RIJ\\u00c4RJESTELM\\u00c4\"}},{\"@type\":\"ListItem\",\"position\":3,\"item\":{\"@type\":\"WebPage\",\"@id\":\"https:\/\/fyrahus.se\/fi\/avloppssystem\/papa\/\",\"url\":\"https:\/\/fyrahus.se\/fi\/avloppssystem\/papa\/\",\"name\":\"P.A.P.A.\"}}]}]}<\/script>\n<!-- \/ Yoast SEO plugin. -->","_links":{"self":[{"href":"https:\/\/fyrahus.se\/fi\/wp-json\/wp\/v2\/pages\/1461"}],"collection":[{"href":"https:\/\/fyrahus.se\/fi\/wp-json\/wp\/v2\/pages"}],"about":[{"href":"https:\/\/fyrahus.se\/fi\/wp-json\/wp\/v2\/types\/page"}],"author":[{"embeddable":true,"href":"https:\/\/fyrahus.se\/fi\/wp-json\/wp\/v2\/users\/1"}],"replies":[{"embeddable":true,"href":"https:\/\/fyrahus.se\/fi\/wp-json\/wp\/v2\/comments?post=1461"}],"version-history":[{"count":2,"href":"https:\/\/fyrahus.se\/fi\/wp-json\/wp\/v2\/pages\/1461\/revisions"}],"predecessor-version":[{"id":1463,"href":"https:\/\/fyrahus.se\/fi\/wp-json\/wp\/v2\/pages\/1461\/revisions\/1463"}],"up":[{"embeddable":true,"href":"https:\/\/fyrahus.se\/fi\/wp-json\/wp\/v2\/pages\/1416"}],"wp:featuredmedia":[{"embeddable":true,"href":"https:\/\/fyrahus.se\/fi\/wp-json\/wp\/v2\/media\/347"}],"wp:attachment":[{"href":"https:\/\/fyrahus.se\/fi\/wp-json\/wp\/v2\/media?parent=1461"}],"curies":[{"name":"wp","href":"https:\/\/api.w.org\/{rel}","templated":true}]}}