{"id":1457,"date":"2015-09-21T17:38:14","date_gmt":"2015-09-21T15:38:14","guid":{"rendered":"http:\/\/fyrahus.se.loopiadns.com\/fi\/avloppssystem\/maxi-filtra\/"},"modified":"2016-10-13T10:08:28","modified_gmt":"2016-10-13T08:08:28","slug":"maxi-filtra","status":"publish","type":"page","link":"https:\/\/fyrahus.se\/fi\/avloppssystem\/maxi-filtra\/","title":{"rendered":"Maxi-Filtra"},"content":{"rendered":"<p><strong>Maxi-Filtra<\/strong> on aktiivihiilisuodatin, joka on suunniteltu poistamaan pahanhajuisen ilman levi\u00e4minen esim. j\u00e4tevesis\u00e4ili\u00f6ist\u00e4, pumppaamoista, pienist\u00e4 puhdistamoista, v\u00e4liaikaisista ratkaisuista ja olemassa olevista avoimista tuuletusputkista.<\/p>\n<p><strong>Maxi-Filtran<\/strong> hiilisuodatinpatruunat voidaan vaihtaa.<\/p>\n<table style=\"height: 115px\" width=\"190\">\n<tbody>\n<tr>\n<td style=\"text-align: left\" colspan=\"2\" width=\"130\"><strong>KAPASITEETTI ILMAVIRTAUS<\/strong><\/td>\n<\/tr>\n<tr>\n<td style=\"text-align: center\">Paine (Pa)<\/td>\n<td style=\"text-align: center\">Ilmavirtaus (l\/s)<\/td>\n<\/tr>\n<tr>\n<td style=\"text-align: center\">100<\/td>\n<td style=\"text-align: center\">2<\/td>\n<\/tr>\n<tr>\n<td style=\"text-align: center\">250<\/td>\n<td style=\"text-align: center\">5<\/td>\n<\/tr>\n<tr>\n<td style=\"text-align: center\">500<\/td>\n<td style=\"text-align: center\">8<\/td>\n<\/tr>\n<\/tbody>\n<\/table>\n","protected":false},"excerpt":{"rendered":"<p>Maxi-Filtra on aktiivihiilisuodatin, joka on suunniteltu poistamaan pahanhajuisen ilman levi\u00e4minen esim. j\u00e4tevesis\u00e4ili\u00f6ist\u00e4, pumppaamoista, pienist\u00e4 puhdistamoista, v\u00e4liaikaisista ratkaisuista ja olemassa olevista avoimista tuuletusputkista. Maxi-Filtran hiilisuodatinpatruunat voidaan vaihtaa. KAPASITEETTI ILMAVIRTAUS Paine (Pa) Ilmavirtaus (l\/s) 100 2 250 5 500 8<\/p>\n","protected":false},"author":2,"featured_media":440,"parent":1416,"menu_order":4,"comment_status":"closed","ping_status":"closed","template":"template-product.php","meta":{"_links_to":"","_links_to_target":""},"yoast_head":"<!-- This site is optimized with the Yoast SEO plugin v15.8 - https:\/\/yoast.com\/wordpress\/plugins\/seo\/ -->\n<title>Maxi-Filtra \u2013 Aktivt kolfilter som tar bort illaluktande luft \u2013 Fyra Hus<\/title>\n<meta name=\"robots\" content=\"index, follow, max-snippet:-1, max-image-preview:large, max-video-preview:-1\" \/>\n<link rel=\"canonical\" href=\"https:\/\/fyrahus.se\/fi\/avloppssystem\/maxi-filtra\/\" \/>\n<meta property=\"og:locale\" content=\"fi_FI\" \/>\n<meta property=\"og:type\" content=\"article\" \/>\n<meta property=\"og:title\" content=\"Maxi-Filtra \u2013 Aktivt kolfilter som tar bort illaluktande luft \u2013 Fyra Hus\" \/>\n<meta property=\"og:description\" content=\"Maxi-Filtra on aktiivihiilisuodatin, joka on suunniteltu poistamaan pahanhajuisen ilman levi\u00e4minen esim. j\u00e4tevesis\u00e4ili\u00f6ist\u00e4, pumppaamoista, pienist\u00e4 puhdistamoista, v\u00e4liaikaisista ratkaisuista ja olemassa olevista avoimista tuuletusputkista. Maxi-Filtran hiilisuodatinpatruunat voidaan vaihtaa. KAPASITEETTI ILMAVIRTAUS Paine (Pa) Ilmavirtaus (l\/s) 100 2 250 5 500 8\" \/>\n<meta property=\"og:url\" content=\"https:\/\/fyrahus.se\/fi\/avloppssystem\/maxi-filtra\/\" \/>\n<meta property=\"og:site_name\" content=\"Fyra Hus\" \/>\n<meta property=\"article:modified_time\" content=\"2016-10-13T08:08:28+00:00\" \/>\n<meta property=\"og:image\" content=\"https:\/\/fyrahus.se\/wp-content\/uploads\/maxi-filtra_p1.jpg\" \/>\n\t<meta property=\"og:image:width\" content=\"656\" \/>\n\t<meta property=\"og:image:height\" content=\"668\" \/>\n<meta name=\"twitter:card\" content=\"summary\" \/>\n<script type=\"application\/ld+json\" class=\"yoast-schema-graph\">{\"@context\":\"https:\/\/schema.org\",\"@graph\":[{\"@type\":\"WebSite\",\"@id\":\"https:\/\/fyrahus.se\/#website\",\"url\":\"https:\/\/fyrahus.se\/\",\"name\":\"Fyra Hus\",\"description\":\"Fungerande avlopp\",\"potentialAction\":[{\"@type\":\"SearchAction\",\"target\":\"https:\/\/fyrahus.se\/?s={search_term_string}\",\"query-input\":\"required name=search_term_string\"}],\"inLanguage\":\"fi\"},{\"@type\":\"ImageObject\",\"@id\":\"https:\/\/fyrahus.se\/fi\/avloppssystem\/maxi-filtra\/#primaryimage\",\"inLanguage\":\"fi\",\"url\":\"https:\/\/fyrahus.se\/wp-content\/uploads\/maxi-filtra_p1.jpg\",\"width\":656,\"height\":668},{\"@type\":\"WebPage\",\"@id\":\"https:\/\/fyrahus.se\/fi\/avloppssystem\/maxi-filtra\/#webpage\",\"url\":\"https:\/\/fyrahus.se\/fi\/avloppssystem\/maxi-filtra\/\",\"name\":\"Maxi-Filtra \\u2013 Aktivt kolfilter som tar bort illaluktande luft \\u2013 Fyra Hus\",\"isPartOf\":{\"@id\":\"https:\/\/fyrahus.se\/#website\"},\"primaryImageOfPage\":{\"@id\":\"https:\/\/fyrahus.se\/fi\/avloppssystem\/maxi-filtra\/#primaryimage\"},\"datePublished\":\"2015-09-21T15:38:14+00:00\",\"dateModified\":\"2016-10-13T08:08:28+00:00\",\"breadcrumb\":{\"@id\":\"https:\/\/fyrahus.se\/fi\/avloppssystem\/maxi-filtra\/#breadcrumb\"},\"inLanguage\":\"fi\",\"potentialAction\":[{\"@type\":\"ReadAction\",\"target\":[\"https:\/\/fyrahus.se\/fi\/avloppssystem\/maxi-filtra\/\"]}]},{\"@type\":\"BreadcrumbList\",\"@id\":\"https:\/\/fyrahus.se\/fi\/avloppssystem\/maxi-filtra\/#breadcrumb\",\"itemListElement\":[{\"@type\":\"ListItem\",\"position\":1,\"item\":{\"@type\":\"WebPage\",\"@id\":\"https:\/\/fyrahus.se\/fi\/\",\"url\":\"https:\/\/fyrahus.se\/fi\/\",\"name\":\"Hem\"}},{\"@type\":\"ListItem\",\"position\":2,\"item\":{\"@type\":\"WebPage\",\"@id\":\"https:\/\/fyrahus.se\/fi\/avloppssystem\/\",\"url\":\"https:\/\/fyrahus.se\/fi\/avloppssystem\/\",\"name\":\"TOIMIVA VIEM\\u00c4RIJ\\u00c4RJESTELM\\u00c4\"}},{\"@type\":\"ListItem\",\"position\":3,\"item\":{\"@type\":\"WebPage\",\"@id\":\"https:\/\/fyrahus.se\/fi\/avloppssystem\/maxi-filtra\/\",\"url\":\"https:\/\/fyrahus.se\/fi\/avloppssystem\/maxi-filtra\/\",\"name\":\"Maxi-Filtra\"}}]}]}<\/script>\n<!-- \/ Yoast SEO plugin. -->","_links":{"self":[{"href":"https:\/\/fyrahus.se\/fi\/wp-json\/wp\/v2\/pages\/1457"}],"collection":[{"href":"https:\/\/fyrahus.se\/fi\/wp-json\/wp\/v2\/pages"}],"about":[{"href":"https:\/\/fyrahus.se\/fi\/wp-json\/wp\/v2\/types\/page"}],"author":[{"embeddable":true,"href":"https:\/\/fyrahus.se\/fi\/wp-json\/wp\/v2\/users\/2"}],"replies":[{"embeddable":true,"href":"https:\/\/fyrahus.se\/fi\/wp-json\/wp\/v2\/comments?post=1457"}],"version-history":[{"count":2,"href":"https:\/\/fyrahus.se\/fi\/wp-json\/wp\/v2\/pages\/1457\/revisions"}],"predecessor-version":[{"id":1459,"href":"https:\/\/fyrahus.se\/fi\/wp-json\/wp\/v2\/pages\/1457\/revisions\/1459"}],"up":[{"embeddable":true,"href":"https:\/\/fyrahus.se\/fi\/wp-json\/wp\/v2\/pages\/1416"}],"wp:featuredmedia":[{"embeddable":true,"href":"https:\/\/fyrahus.se\/fi\/wp-json\/wp\/v2\/media\/440"}],"wp:attachment":[{"href":"https:\/\/fyrahus.se\/fi\/wp-json\/wp\/v2\/media?parent=1457"}],"curies":[{"name":"wp","href":"https:\/\/api.w.org\/{rel}","templated":true}]}}