{"id":1453,"date":"2015-09-08T14:19:21","date_gmt":"2015-09-08T12:19:21","guid":{"rendered":"http:\/\/fyrahus.se.loopiadns.com\/fi\/avloppssystem\/maxi-vent\/"},"modified":"2016-10-13T09:57:48","modified_gmt":"2016-10-13T07:57:48","slug":"maxi-vent","status":"publish","type":"page","link":"https:\/\/fyrahus.se\/fi\/avloppssystem\/maxi-vent\/","title":{"rendered":"Maxi-Vent"},"content":{"rendered":"<h3 style=\"text-align: left\">Rakennustekniset hy\u00f6dyt<\/h3>\n<p><strong>Maxi-Vent<\/strong> tarjoaa rakennusteknisi\u00e4 etuja, silll\u00e4 se korvaa perinteiset katon l\u00e4pi viet\u00e4v\u00e4t tuuletusputket ja tekee putkistosta yksinkertaisemman.<\/p>\n<p><strong>Maxi-Vent<\/strong>ill\u00e4 est\u00e4t haisevan ja ep\u00e4terveellisen ilman\/kaasun levi\u00e4misen viem\u00e4rij\u00e4rjestelm\u00e4n tuuletusputkista.<\/p>\n<p><strong>Maxi-Vent<\/strong>-tuloilmaventtiili avautuu alipaineessa ja sy\u00f6tt\u00e4\u00e4 ilmaa viem\u00e4rij\u00e4rjestelm\u00e4\u00e4n, joten vesilukko s\u00e4ilytt\u00e4\u00e4 toimintansa samalla kun virtaus j\u00e4rjestelm\u00e4ss\u00e4 tehostuu. Normaali- ja ylipaineessa <strong>Maxi-Vent<\/strong> on kiinni ja t\u00e4ysin tiivis. Tuloilmaventtiilien avulla saat suljetun viem\u00e4rij\u00e4rjestelm\u00e4n.<\/p>\n","protected":false},"excerpt":{"rendered":"<p>Rakennustekniset hy\u00f6dyt Maxi-Vent tarjoaa rakennusteknisi\u00e4 etuja, silll\u00e4 se korvaa perinteiset katon l\u00e4pi viet\u00e4v\u00e4t tuuletusputket ja tekee putkistosta yksinkertaisemman. Maxi-Ventill\u00e4 est\u00e4t haisevan ja ep\u00e4terveellisen ilman\/kaasun levi\u00e4misen viem\u00e4rij\u00e4rjestelm\u00e4n tuuletusputkista. Maxi-Vent-tuloilmaventtiili avautuu alipaineessa ja sy\u00f6tt\u00e4\u00e4 ilmaa viem\u00e4rij\u00e4rjestelm\u00e4\u00e4n, joten vesilukko s\u00e4ilytt\u00e4\u00e4 toimintansa samalla kun virtaus j\u00e4rjestelm\u00e4ss\u00e4 tehostuu. Normaali- ja ylipaineessa Maxi-Vent on kiinni ja t\u00e4ysin tiivis. Tuloilmaventtiilien avulla saat &hellip; <\/p>\n<div class=\"read-more\"><a href=\"https:\/\/fyrahus.se\/fi\/avloppssystem\/maxi-vent\/\">Continued <cite class=\"sr-only\">Maxi-Vent<\/cite><\/a><\/div>\n","protected":false},"author":1,"featured_media":438,"parent":1416,"menu_order":3,"comment_status":"closed","ping_status":"closed","template":"template-product.php","meta":{"_links_to":"","_links_to_target":""},"yoast_head":"<!-- This site is optimized with the Yoast SEO plugin v15.8 - https:\/\/yoast.com\/wordpress\/plugins\/seo\/ -->\n<title>Maxi-Vent \u2013 Du slipper takgenomf\u00f6ringar f\u00f6r luftningsledning | Fyra Hus<\/title>\n<meta name=\"robots\" content=\"index, follow, max-snippet:-1, max-image-preview:large, max-video-preview:-1\" \/>\n<link rel=\"canonical\" href=\"https:\/\/fyrahus.se\/fi\/avloppssystem\/maxi-vent\/\" \/>\n<meta property=\"og:locale\" content=\"fi_FI\" \/>\n<meta property=\"og:type\" content=\"article\" \/>\n<meta property=\"og:title\" content=\"Maxi-Vent \u2013 Du slipper takgenomf\u00f6ringar f\u00f6r luftningsledning | Fyra Hus\" \/>\n<meta property=\"og:description\" content=\"Rakennustekniset hy\u00f6dyt Maxi-Vent tarjoaa rakennusteknisi\u00e4 etuja, silll\u00e4 se korvaa perinteiset katon l\u00e4pi viet\u00e4v\u00e4t tuuletusputket ja tekee putkistosta yksinkertaisemman. Maxi-Ventill\u00e4 est\u00e4t haisevan ja ep\u00e4terveellisen ilman\/kaasun levi\u00e4misen viem\u00e4rij\u00e4rjestelm\u00e4n tuuletusputkista. Maxi-Vent-tuloilmaventtiili avautuu alipaineessa ja sy\u00f6tt\u00e4\u00e4 ilmaa viem\u00e4rij\u00e4rjestelm\u00e4\u00e4n, joten vesilukko s\u00e4ilytt\u00e4\u00e4 toimintansa samalla kun virtaus j\u00e4rjestelm\u00e4ss\u00e4 tehostuu. Normaali- ja ylipaineessa Maxi-Vent on kiinni ja t\u00e4ysin tiivis. Tuloilmaventtiilien avulla saat &hellip; Continued Maxi-Vent\" \/>\n<meta property=\"og:url\" content=\"https:\/\/fyrahus.se\/fi\/avloppssystem\/maxi-vent\/\" \/>\n<meta property=\"og:site_name\" content=\"Fyra Hus\" \/>\n<meta property=\"article:modified_time\" content=\"2016-10-13T07:57:48+00:00\" \/>\n<meta property=\"og:image\" content=\"https:\/\/fyrahus.se\/wp-content\/uploads\/maxi-vent_p4.jpg\" \/>\n\t<meta property=\"og:image:width\" content=\"656\" \/>\n\t<meta property=\"og:image:height\" content=\"668\" \/>\n<meta name=\"twitter:card\" content=\"summary\" \/>\n<script type=\"application\/ld+json\" class=\"yoast-schema-graph\">{\"@context\":\"https:\/\/schema.org\",\"@graph\":[{\"@type\":\"WebSite\",\"@id\":\"https:\/\/fyrahus.se\/#website\",\"url\":\"https:\/\/fyrahus.se\/\",\"name\":\"Fyra Hus\",\"description\":\"Fungerande avlopp\",\"potentialAction\":[{\"@type\":\"SearchAction\",\"target\":\"https:\/\/fyrahus.se\/?s={search_term_string}\",\"query-input\":\"required name=search_term_string\"}],\"inLanguage\":\"fi\"},{\"@type\":\"ImageObject\",\"@id\":\"https:\/\/fyrahus.se\/fi\/avloppssystem\/maxi-vent\/#primaryimage\",\"inLanguage\":\"fi\",\"url\":\"https:\/\/fyrahus.se\/wp-content\/uploads\/maxi-vent_p4.jpg\",\"width\":656,\"height\":668},{\"@type\":\"WebPage\",\"@id\":\"https:\/\/fyrahus.se\/fi\/avloppssystem\/maxi-vent\/#webpage\",\"url\":\"https:\/\/fyrahus.se\/fi\/avloppssystem\/maxi-vent\/\",\"name\":\"Maxi-Vent \\u2013 Du slipper takgenomf\\u00f6ringar f\\u00f6r luftningsledning | Fyra Hus\",\"isPartOf\":{\"@id\":\"https:\/\/fyrahus.se\/#website\"},\"primaryImageOfPage\":{\"@id\":\"https:\/\/fyrahus.se\/fi\/avloppssystem\/maxi-vent\/#primaryimage\"},\"datePublished\":\"2015-09-08T12:19:21+00:00\",\"dateModified\":\"2016-10-13T07:57:48+00:00\",\"breadcrumb\":{\"@id\":\"https:\/\/fyrahus.se\/fi\/avloppssystem\/maxi-vent\/#breadcrumb\"},\"inLanguage\":\"fi\",\"potentialAction\":[{\"@type\":\"ReadAction\",\"target\":[\"https:\/\/fyrahus.se\/fi\/avloppssystem\/maxi-vent\/\"]}]},{\"@type\":\"BreadcrumbList\",\"@id\":\"https:\/\/fyrahus.se\/fi\/avloppssystem\/maxi-vent\/#breadcrumb\",\"itemListElement\":[{\"@type\":\"ListItem\",\"position\":1,\"item\":{\"@type\":\"WebPage\",\"@id\":\"https:\/\/fyrahus.se\/fi\/\",\"url\":\"https:\/\/fyrahus.se\/fi\/\",\"name\":\"Hem\"}},{\"@type\":\"ListItem\",\"position\":2,\"item\":{\"@type\":\"WebPage\",\"@id\":\"https:\/\/fyrahus.se\/fi\/avloppssystem\/\",\"url\":\"https:\/\/fyrahus.se\/fi\/avloppssystem\/\",\"name\":\"TOIMIVA VIEM\\u00c4RIJ\\u00c4RJESTELM\\u00c4\"}},{\"@type\":\"ListItem\",\"position\":3,\"item\":{\"@type\":\"WebPage\",\"@id\":\"https:\/\/fyrahus.se\/fi\/avloppssystem\/maxi-vent\/\",\"url\":\"https:\/\/fyrahus.se\/fi\/avloppssystem\/maxi-vent\/\",\"name\":\"Maxi-Vent\"}}]}]}<\/script>\n<!-- \/ Yoast SEO plugin. -->","_links":{"self":[{"href":"https:\/\/fyrahus.se\/fi\/wp-json\/wp\/v2\/pages\/1453"}],"collection":[{"href":"https:\/\/fyrahus.se\/fi\/wp-json\/wp\/v2\/pages"}],"about":[{"href":"https:\/\/fyrahus.se\/fi\/wp-json\/wp\/v2\/types\/page"}],"author":[{"embeddable":true,"href":"https:\/\/fyrahus.se\/fi\/wp-json\/wp\/v2\/users\/1"}],"replies":[{"embeddable":true,"href":"https:\/\/fyrahus.se\/fi\/wp-json\/wp\/v2\/comments?post=1453"}],"version-history":[{"count":2,"href":"https:\/\/fyrahus.se\/fi\/wp-json\/wp\/v2\/pages\/1453\/revisions"}],"predecessor-version":[{"id":1455,"href":"https:\/\/fyrahus.se\/fi\/wp-json\/wp\/v2\/pages\/1453\/revisions\/1455"}],"up":[{"embeddable":true,"href":"https:\/\/fyrahus.se\/fi\/wp-json\/wp\/v2\/pages\/1416"}],"wp:featuredmedia":[{"embeddable":true,"href":"https:\/\/fyrahus.se\/fi\/wp-json\/wp\/v2\/media\/438"}],"wp:attachment":[{"href":"https:\/\/fyrahus.se\/fi\/wp-json\/wp\/v2\/media?parent=1453"}],"curies":[{"name":"wp","href":"https:\/\/api.w.org\/{rel}","templated":true}]}}