{"id":1448,"date":"2015-09-21T11:46:08","date_gmt":"2015-09-21T09:46:08","guid":{"rendered":"http:\/\/fyrahus.se.loopiadns.com\/fi\/avloppssystem\/mini-vent\/"},"modified":"2016-10-13T09:54:13","modified_gmt":"2016-10-13T07:54:13","slug":"mini-vent","status":"publish","type":"page","link":"https:\/\/fyrahus.se\/fi\/avloppssystem\/mini-vent\/","title":{"rendered":"Mini-Vent"},"content":{"rendered":"<p><strong>Mini-Vent<\/strong>-tuloilmaventtiili tarjoaa yksinkertaisen ja luotettavan suojan viem\u00e4rij\u00e4rjestelm\u00e4\u00e4n sy\u00f6tt\u00e4m\u00e4ll\u00e4 ilmaa. N\u00e4in vesilukon toiminta s\u00e4ilyy alipaineessa ja virtaus tehostuu j\u00e4rjestelm\u00e4ss\u00e4.<\/p>\n<p><strong>Mini-Vent<\/strong>-tuloilmaventtiili avautuu alipaineessa ja p\u00e4\u00e4st\u00e4\u00e4 ilmaa viem\u00e4rij\u00e4rjestelm\u00e4\u00e4n. Normaali- ja ylipaineessa se on kiinni ja t\u00e4ysin tiivis.<\/p>\n<p><strong>Mini-Vent<\/strong> on hyv\u00e4ksytty asennettavaksi vesil\u00e4hteen tulvatason alle.<\/p>\n<p><strong>Mini-Vent\u00a0<\/strong>ratkaisee pitkiss\u00e4 haaraputkissa syntyv\u00e4t ongelmat.<\/p>\n<h4 style=\"text-align: left\"><\/h4>\n","protected":false},"excerpt":{"rendered":"<p>Mini-Vent-tuloilmaventtiili tarjoaa yksinkertaisen ja luotettavan suojan viem\u00e4rij\u00e4rjestelm\u00e4\u00e4n sy\u00f6tt\u00e4m\u00e4ll\u00e4 ilmaa. N\u00e4in vesilukon toiminta s\u00e4ilyy alipaineessa ja virtaus tehostuu j\u00e4rjestelm\u00e4ss\u00e4. Mini-Vent-tuloilmaventtiili avautuu alipaineessa ja p\u00e4\u00e4st\u00e4\u00e4 ilmaa viem\u00e4rij\u00e4rjestelm\u00e4\u00e4n. Normaali- ja ylipaineessa se on kiinni ja t\u00e4ysin tiivis. Mini-Vent on hyv\u00e4ksytty asennettavaksi vesil\u00e4hteen tulvatason alle. Mini-Vent\u00a0ratkaisee pitkiss\u00e4 haaraputkissa syntyv\u00e4t ongelmat.<\/p>\n","protected":false},"author":1,"featured_media":439,"parent":1416,"menu_order":2,"comment_status":"closed","ping_status":"closed","template":"template-product.php","meta":{"_links_to":"","_links_to_target":""},"yoast_head":"<!-- This site is optimized with the Yoast SEO plugin v15.8 - https:\/\/yoast.com\/wordpress\/plugins\/seo\/ -->\n<title>Mini-Vent \u2013 Ett enkelt och s\u00e4kert skydd till avloppsystemet | Fyra Hus<\/title>\n<meta name=\"robots\" content=\"index, follow, max-snippet:-1, max-image-preview:large, max-video-preview:-1\" \/>\n<link rel=\"canonical\" href=\"https:\/\/fyrahus.se\/fi\/avloppssystem\/mini-vent\/\" \/>\n<meta property=\"og:locale\" content=\"fi_FI\" \/>\n<meta property=\"og:type\" content=\"article\" \/>\n<meta property=\"og:title\" content=\"Mini-Vent \u2013 Ett enkelt och s\u00e4kert skydd till avloppsystemet | Fyra Hus\" \/>\n<meta property=\"og:description\" content=\"Mini-Vent-tuloilmaventtiili tarjoaa yksinkertaisen ja luotettavan suojan viem\u00e4rij\u00e4rjestelm\u00e4\u00e4n sy\u00f6tt\u00e4m\u00e4ll\u00e4 ilmaa. N\u00e4in vesilukon toiminta s\u00e4ilyy alipaineessa ja virtaus tehostuu j\u00e4rjestelm\u00e4ss\u00e4. Mini-Vent-tuloilmaventtiili avautuu alipaineessa ja p\u00e4\u00e4st\u00e4\u00e4 ilmaa viem\u00e4rij\u00e4rjestelm\u00e4\u00e4n. Normaali- ja ylipaineessa se on kiinni ja t\u00e4ysin tiivis. Mini-Vent on hyv\u00e4ksytty asennettavaksi vesil\u00e4hteen tulvatason alle. Mini-Vent\u00a0ratkaisee pitkiss\u00e4 haaraputkissa syntyv\u00e4t ongelmat.\" \/>\n<meta property=\"og:url\" content=\"https:\/\/fyrahus.se\/fi\/avloppssystem\/mini-vent\/\" \/>\n<meta property=\"og:site_name\" content=\"Fyra Hus\" \/>\n<meta property=\"article:modified_time\" content=\"2016-10-13T07:54:13+00:00\" \/>\n<meta property=\"og:image\" content=\"https:\/\/fyrahus.se\/wp-content\/uploads\/mini-vent_p1.jpg\" \/>\n\t<meta property=\"og:image:width\" content=\"656\" \/>\n\t<meta property=\"og:image:height\" content=\"668\" \/>\n<meta name=\"twitter:card\" content=\"summary\" \/>\n<script type=\"application\/ld+json\" class=\"yoast-schema-graph\">{\"@context\":\"https:\/\/schema.org\",\"@graph\":[{\"@type\":\"WebSite\",\"@id\":\"https:\/\/fyrahus.se\/#website\",\"url\":\"https:\/\/fyrahus.se\/\",\"name\":\"Fyra Hus\",\"description\":\"Fungerande avlopp\",\"potentialAction\":[{\"@type\":\"SearchAction\",\"target\":\"https:\/\/fyrahus.se\/?s={search_term_string}\",\"query-input\":\"required name=search_term_string\"}],\"inLanguage\":\"fi\"},{\"@type\":\"ImageObject\",\"@id\":\"https:\/\/fyrahus.se\/fi\/avloppssystem\/mini-vent\/#primaryimage\",\"inLanguage\":\"fi\",\"url\":\"https:\/\/fyrahus.se\/wp-content\/uploads\/mini-vent_p1.jpg\",\"width\":656,\"height\":668},{\"@type\":\"WebPage\",\"@id\":\"https:\/\/fyrahus.se\/fi\/avloppssystem\/mini-vent\/#webpage\",\"url\":\"https:\/\/fyrahus.se\/fi\/avloppssystem\/mini-vent\/\",\"name\":\"Mini-Vent \\u2013 Ett enkelt och s\\u00e4kert skydd till avloppsystemet | Fyra Hus\",\"isPartOf\":{\"@id\":\"https:\/\/fyrahus.se\/#website\"},\"primaryImageOfPage\":{\"@id\":\"https:\/\/fyrahus.se\/fi\/avloppssystem\/mini-vent\/#primaryimage\"},\"datePublished\":\"2015-09-21T09:46:08+00:00\",\"dateModified\":\"2016-10-13T07:54:13+00:00\",\"breadcrumb\":{\"@id\":\"https:\/\/fyrahus.se\/fi\/avloppssystem\/mini-vent\/#breadcrumb\"},\"inLanguage\":\"fi\",\"potentialAction\":[{\"@type\":\"ReadAction\",\"target\":[\"https:\/\/fyrahus.se\/fi\/avloppssystem\/mini-vent\/\"]}]},{\"@type\":\"BreadcrumbList\",\"@id\":\"https:\/\/fyrahus.se\/fi\/avloppssystem\/mini-vent\/#breadcrumb\",\"itemListElement\":[{\"@type\":\"ListItem\",\"position\":1,\"item\":{\"@type\":\"WebPage\",\"@id\":\"https:\/\/fyrahus.se\/fi\/\",\"url\":\"https:\/\/fyrahus.se\/fi\/\",\"name\":\"Hem\"}},{\"@type\":\"ListItem\",\"position\":2,\"item\":{\"@type\":\"WebPage\",\"@id\":\"https:\/\/fyrahus.se\/fi\/avloppssystem\/\",\"url\":\"https:\/\/fyrahus.se\/fi\/avloppssystem\/\",\"name\":\"TOIMIVA VIEM\\u00c4RIJ\\u00c4RJESTELM\\u00c4\"}},{\"@type\":\"ListItem\",\"position\":3,\"item\":{\"@type\":\"WebPage\",\"@id\":\"https:\/\/fyrahus.se\/fi\/avloppssystem\/mini-vent\/\",\"url\":\"https:\/\/fyrahus.se\/fi\/avloppssystem\/mini-vent\/\",\"name\":\"Mini-Vent\"}}]}]}<\/script>\n<!-- \/ Yoast SEO plugin. -->","_links":{"self":[{"href":"https:\/\/fyrahus.se\/fi\/wp-json\/wp\/v2\/pages\/1448"}],"collection":[{"href":"https:\/\/fyrahus.se\/fi\/wp-json\/wp\/v2\/pages"}],"about":[{"href":"https:\/\/fyrahus.se\/fi\/wp-json\/wp\/v2\/types\/page"}],"author":[{"embeddable":true,"href":"https:\/\/fyrahus.se\/fi\/wp-json\/wp\/v2\/users\/1"}],"replies":[{"embeddable":true,"href":"https:\/\/fyrahus.se\/fi\/wp-json\/wp\/v2\/comments?post=1448"}],"version-history":[{"count":2,"href":"https:\/\/fyrahus.se\/fi\/wp-json\/wp\/v2\/pages\/1448\/revisions"}],"predecessor-version":[{"id":1450,"href":"https:\/\/fyrahus.se\/fi\/wp-json\/wp\/v2\/pages\/1448\/revisions\/1450"}],"up":[{"embeddable":true,"href":"https:\/\/fyrahus.se\/fi\/wp-json\/wp\/v2\/pages\/1416"}],"wp:featuredmedia":[{"embeddable":true,"href":"https:\/\/fyrahus.se\/fi\/wp-json\/wp\/v2\/media\/439"}],"wp:attachment":[{"href":"https:\/\/fyrahus.se\/fi\/wp-json\/wp\/v2\/media?parent=1448"}],"curies":[{"name":"wp","href":"https:\/\/api.w.org\/{rel}","templated":true}]}}