{"id":1444,"date":"2015-09-21T18:24:59","date_gmt":"2015-09-21T16:24:59","guid":{"rendered":"http:\/\/fyrahus.se.loopiadns.com\/fi\/avloppssystem\/trap-vent\/"},"modified":"2016-10-13T09:47:48","modified_gmt":"2016-10-13T07:47:48","slug":"trap-vent","status":"publish","type":"page","link":"https:\/\/fyrahus.se\/fi\/avloppssystem\/trap-vent\/","title":{"rendered":"Trap-Vent"},"content":{"rendered":"<h3 style=\"text-align: left\"><strong>V\u00e4hent\u00e4\u00e4 huollon tarvetta ja parantaa viem\u00e4rin toimintaa<\/strong><\/h3>\n<p><strong>Trap-Vent<\/strong>iss\u00e4 on ainutlaatuinen itsepuhdistusominaisuus. Vesilukko tyhjenee k\u00e4yt\u00f6ss\u00e4 tehokkaasti, koska sis\u00e4inen profiili on suunniteltu siten, ett\u00e4 ejektorivaikutus saavutetaan eik\u00e4 mit\u00e4\u00e4n tartu matkalla vesilukon l\u00e4pi.<\/p>\n<p><strong>Trap-Vent<\/strong> avautuu jo -70 Pa alipaineessa ja sy\u00f6tt\u00e4\u00e4 ilmaa viem\u00e4rij\u00e4rjestelm\u00e4\u00e4n. T\u00e4m\u00e4 parantaa virtausta viem\u00e4rij\u00e4rjestelm\u00e4ss\u00e4 ja est\u00e4\u00e4 vesilukkoa tyhjentym\u00e4st\u00e4. Normaalipaineessa ja ylipaineessa tuloilmaventtiili on kiinni ja t\u00e4ysin tiivis.<\/p>\n","protected":false},"excerpt":{"rendered":"<p>V\u00e4hent\u00e4\u00e4 huollon tarvetta ja parantaa viem\u00e4rin toimintaa Trap-Ventiss\u00e4 on ainutlaatuinen itsepuhdistusominaisuus. Vesilukko tyhjenee k\u00e4yt\u00f6ss\u00e4 tehokkaasti, koska sis\u00e4inen profiili on suunniteltu siten, ett\u00e4 ejektorivaikutus saavutetaan eik\u00e4 mit\u00e4\u00e4n tartu matkalla vesilukon l\u00e4pi. Trap-Vent avautuu jo -70 Pa alipaineessa ja sy\u00f6tt\u00e4\u00e4 ilmaa viem\u00e4rij\u00e4rjestelm\u00e4\u00e4n. T\u00e4m\u00e4 parantaa virtausta viem\u00e4rij\u00e4rjestelm\u00e4ss\u00e4 ja est\u00e4\u00e4 vesilukkoa tyhjentym\u00e4st\u00e4. Normaalipaineessa ja ylipaineessa tuloilmaventtiili on kiinni ja &hellip; <\/p>\n<div class=\"read-more\"><a href=\"https:\/\/fyrahus.se\/fi\/avloppssystem\/trap-vent\/\">Continued <cite class=\"sr-only\">Trap-Vent<\/cite><\/a><\/div>\n","protected":false},"author":2,"featured_media":350,"parent":1416,"menu_order":1,"comment_status":"closed","ping_status":"closed","template":"template-product.php","meta":{"_links_to":"","_links_to_target":""},"yoast_head":"<!-- This site is optimized with the Yoast SEO plugin v15.8 - https:\/\/yoast.com\/wordpress\/plugins\/seo\/ -->\n<title>Trap-Vent \u2013 Sj\u00e4lvrensande vattenl\u00e5s med tilluftsventil | Fyra Hus<\/title>\n<meta name=\"robots\" content=\"index, follow, max-snippet:-1, max-image-preview:large, max-video-preview:-1\" \/>\n<link rel=\"canonical\" href=\"https:\/\/fyrahus.se\/fi\/avloppssystem\/trap-vent\/\" \/>\n<meta property=\"og:locale\" content=\"fi_FI\" \/>\n<meta property=\"og:type\" content=\"article\" \/>\n<meta property=\"og:title\" content=\"Trap-Vent \u2013 Sj\u00e4lvrensande vattenl\u00e5s med tilluftsventil | Fyra Hus\" \/>\n<meta property=\"og:description\" content=\"V\u00e4hent\u00e4\u00e4 huollon tarvetta ja parantaa viem\u00e4rin toimintaa Trap-Ventiss\u00e4 on ainutlaatuinen itsepuhdistusominaisuus. Vesilukko tyhjenee k\u00e4yt\u00f6ss\u00e4 tehokkaasti, koska sis\u00e4inen profiili on suunniteltu siten, ett\u00e4 ejektorivaikutus saavutetaan eik\u00e4 mit\u00e4\u00e4n tartu matkalla vesilukon l\u00e4pi. Trap-Vent avautuu jo -70 Pa alipaineessa ja sy\u00f6tt\u00e4\u00e4 ilmaa viem\u00e4rij\u00e4rjestelm\u00e4\u00e4n. T\u00e4m\u00e4 parantaa virtausta viem\u00e4rij\u00e4rjestelm\u00e4ss\u00e4 ja est\u00e4\u00e4 vesilukkoa tyhjentym\u00e4st\u00e4. Normaalipaineessa ja ylipaineessa tuloilmaventtiili on kiinni ja &hellip; Continued Trap-Vent\" \/>\n<meta property=\"og:url\" content=\"https:\/\/fyrahus.se\/fi\/avloppssystem\/trap-vent\/\" \/>\n<meta property=\"og:site_name\" content=\"Fyra Hus\" \/>\n<meta property=\"article:modified_time\" content=\"2016-10-13T07:47:48+00:00\" \/>\n<meta property=\"og:image\" content=\"https:\/\/fyrahus.se\/wp-content\/uploads\/Trap-vent_p1.jpg\" \/>\n\t<meta property=\"og:image:width\" content=\"1409\" \/>\n\t<meta property=\"og:image:height\" content=\"1409\" \/>\n<meta name=\"twitter:card\" content=\"summary\" \/>\n<script type=\"application\/ld+json\" class=\"yoast-schema-graph\">{\"@context\":\"https:\/\/schema.org\",\"@graph\":[{\"@type\":\"WebSite\",\"@id\":\"https:\/\/fyrahus.se\/#website\",\"url\":\"https:\/\/fyrahus.se\/\",\"name\":\"Fyra Hus\",\"description\":\"Fungerande avlopp\",\"potentialAction\":[{\"@type\":\"SearchAction\",\"target\":\"https:\/\/fyrahus.se\/?s={search_term_string}\",\"query-input\":\"required name=search_term_string\"}],\"inLanguage\":\"fi\"},{\"@type\":\"ImageObject\",\"@id\":\"https:\/\/fyrahus.se\/fi\/avloppssystem\/trap-vent\/#primaryimage\",\"inLanguage\":\"fi\",\"url\":\"https:\/\/fyrahus.se\/wp-content\/uploads\/Trap-vent_p1.jpg\",\"width\":1409,\"height\":1409},{\"@type\":\"WebPage\",\"@id\":\"https:\/\/fyrahus.se\/fi\/avloppssystem\/trap-vent\/#webpage\",\"url\":\"https:\/\/fyrahus.se\/fi\/avloppssystem\/trap-vent\/\",\"name\":\"Trap-Vent \\u2013 Sj\\u00e4lvrensande vattenl\\u00e5s med tilluftsventil | Fyra Hus\",\"isPartOf\":{\"@id\":\"https:\/\/fyrahus.se\/#website\"},\"primaryImageOfPage\":{\"@id\":\"https:\/\/fyrahus.se\/fi\/avloppssystem\/trap-vent\/#primaryimage\"},\"datePublished\":\"2015-09-21T16:24:59+00:00\",\"dateModified\":\"2016-10-13T07:47:48+00:00\",\"breadcrumb\":{\"@id\":\"https:\/\/fyrahus.se\/fi\/avloppssystem\/trap-vent\/#breadcrumb\"},\"inLanguage\":\"fi\",\"potentialAction\":[{\"@type\":\"ReadAction\",\"target\":[\"https:\/\/fyrahus.se\/fi\/avloppssystem\/trap-vent\/\"]}]},{\"@type\":\"BreadcrumbList\",\"@id\":\"https:\/\/fyrahus.se\/fi\/avloppssystem\/trap-vent\/#breadcrumb\",\"itemListElement\":[{\"@type\":\"ListItem\",\"position\":1,\"item\":{\"@type\":\"WebPage\",\"@id\":\"https:\/\/fyrahus.se\/fi\/\",\"url\":\"https:\/\/fyrahus.se\/fi\/\",\"name\":\"Hem\"}},{\"@type\":\"ListItem\",\"position\":2,\"item\":{\"@type\":\"WebPage\",\"@id\":\"https:\/\/fyrahus.se\/fi\/avloppssystem\/\",\"url\":\"https:\/\/fyrahus.se\/fi\/avloppssystem\/\",\"name\":\"TOIMIVA VIEM\\u00c4RIJ\\u00c4RJESTELM\\u00c4\"}},{\"@type\":\"ListItem\",\"position\":3,\"item\":{\"@type\":\"WebPage\",\"@id\":\"https:\/\/fyrahus.se\/fi\/avloppssystem\/trap-vent\/\",\"url\":\"https:\/\/fyrahus.se\/fi\/avloppssystem\/trap-vent\/\",\"name\":\"Trap-Vent\"}}]}]}<\/script>\n<!-- \/ Yoast SEO plugin. -->","_links":{"self":[{"href":"https:\/\/fyrahus.se\/fi\/wp-json\/wp\/v2\/pages\/1444"}],"collection":[{"href":"https:\/\/fyrahus.se\/fi\/wp-json\/wp\/v2\/pages"}],"about":[{"href":"https:\/\/fyrahus.se\/fi\/wp-json\/wp\/v2\/types\/page"}],"author":[{"embeddable":true,"href":"https:\/\/fyrahus.se\/fi\/wp-json\/wp\/v2\/users\/2"}],"replies":[{"embeddable":true,"href":"https:\/\/fyrahus.se\/fi\/wp-json\/wp\/v2\/comments?post=1444"}],"version-history":[{"count":2,"href":"https:\/\/fyrahus.se\/fi\/wp-json\/wp\/v2\/pages\/1444\/revisions"}],"predecessor-version":[{"id":1446,"href":"https:\/\/fyrahus.se\/fi\/wp-json\/wp\/v2\/pages\/1444\/revisions\/1446"}],"up":[{"embeddable":true,"href":"https:\/\/fyrahus.se\/fi\/wp-json\/wp\/v2\/pages\/1416"}],"wp:featuredmedia":[{"embeddable":true,"href":"https:\/\/fyrahus.se\/fi\/wp-json\/wp\/v2\/media\/350"}],"wp:attachment":[{"href":"https:\/\/fyrahus.se\/fi\/wp-json\/wp\/v2\/media?parent=1444"}],"curies":[{"name":"wp","href":"https:\/\/api.w.org\/{rel}","templated":true}]}}