{"id":1416,"date":"2015-09-02T12:58:12","date_gmt":"2015-09-02T10:58:12","guid":{"rendered":"http:\/\/fyrahus.se.loopiadns.com\/fi\/avloppssystem\/"},"modified":"2016-10-13T07:13:48","modified_gmt":"2016-10-13T05:13:48","slug":"avloppssystem","status":"publish","type":"page","link":"https:\/\/fyrahus.se\/fi\/avloppssystem\/","title":{"rendered":"TOIMIVA VIEM\u00c4RIJ\u00c4RJESTELM\u00c4"},"content":{"rendered":"<h3 style=\"text-align: left\"><strong>Viem\u00e4rin keskeiset ongelmat<\/strong><\/h3>\n<p>Paineen muutoksista (ylipaine, mutta ennen kaikkea alipaine) johtuva ep\u00e4tasapaino syntyy viem\u00e4rij\u00e4rjestelm\u00e4n k\u00e4yt\u00f6st\u00e4 ja johtaa huonoon virtaukseen ja tyhjentyneisiin\/vuotaviin vesilukkoihin. Perussyy t\u00e4h\u00e4n on se, ett\u00e4 viem\u00e4rij\u00e4rjestelm\u00e4\u00e4 ei ole mitoitettu t\u00e4m\u00e4n p\u00e4iv\u00e4n intensiiviseen k\u00e4ytt\u00f6\u00f6n ja ett\u00e4 eri komponenteissa sek\u00e4 j\u00e4rjestelmien suunnittelussa on perinteisesti ollut puutteita.<\/p>\n<h3 style=\"text-align: left\">Seuraukset<\/h3>\n<ul>\n<li>Haju ja ep\u00e4mukavuus<\/li>\n<li>Suuri huoltotarve<\/li>\n<li>Tartuntojen levi\u00e4misriski<\/li>\n<\/ul>\n<h3 style=\"text-align: left\"><strong>Ratkaisu \u2013 Suljettu yksiputkij\u00e4rjestelm\u00e4<\/strong><\/h3>\n<p>Suljetussa tasapainoisessa yksiputkij\u00e4rjestelm\u00e4ss\u00e4 viem\u00e4riputkiin asennetaan tuloilmaventtiilit (<a href=\"http:\/\/fyrahus.se\/avloppssystem\/trap-vent\/\">Trap-Vent<\/a>, <a href=\"http:\/\/fyrahus.se\/avloppssystem\/mini-vent\/\">Mini-Vent<\/a>, <a href=\"http:\/\/fyrahus.se\/avloppssystem\/mini-vent\/\">Maxi-Vent)<\/a>. Tuloilmaventtiileill\u00e4 rakennat viem\u00e4rij\u00e4rjestelm\u00e4n ilman avoimia viem\u00e4rirunkoja ja ilmastimia. Korkeammissa rakennuksissa syntyy usein ylipainetta esim. suunnanmuutoksissa, ja t\u00e4t\u00e4 voidaan kompensoida ylipainevaimentimella (<a href=\"http:\/\/fyrahus.se\/avloppssystem\/papa\/\">P.A.P.A.<\/a>).<\/p>\n","protected":false},"excerpt":{"rendered":"<p>Viem\u00e4rin keskeiset ongelmat Paineen muutoksista (ylipaine, mutta ennen kaikkea alipaine) johtuva ep\u00e4tasapaino syntyy viem\u00e4rij\u00e4rjestelm\u00e4n k\u00e4yt\u00f6st\u00e4 ja johtaa huonoon virtaukseen ja tyhjentyneisiin\/vuotaviin vesilukkoihin. Perussyy t\u00e4h\u00e4n on se, ett\u00e4 viem\u00e4rij\u00e4rjestelm\u00e4\u00e4 ei ole mitoitettu t\u00e4m\u00e4n p\u00e4iv\u00e4n intensiiviseen k\u00e4ytt\u00f6\u00f6n ja ett\u00e4 eri komponenteissa sek\u00e4 j\u00e4rjestelmien suunnittelussa on perinteisesti ollut puutteita. Seuraukset Haju ja ep\u00e4mukavuus Suuri huoltotarve Tartuntojen levi\u00e4misriski Ratkaisu &hellip; <\/p>\n<div class=\"read-more\"><a href=\"https:\/\/fyrahus.se\/fi\/avloppssystem\/\">Continued <cite class=\"sr-only\">TOIMIVA VIEM\u00c4RIJ\u00c4RJESTELM\u00c4<\/cite><\/a><\/div>\n","protected":false},"author":1,"featured_media":0,"parent":0,"menu_order":10,"comment_status":"closed","ping_status":"closed","template":"template-overview.php","meta":{"_links_to":"","_links_to_target":""},"yoast_head":"<!-- This site is optimized with the Yoast SEO plugin v15.8 - https:\/\/yoast.com\/wordpress\/plugins\/seo\/ -->\n<title>TOIMIVA VIEM\u00c4RIJ\u00c4RJESTELM\u00c4 - Fyra Hus<\/title>\n<meta name=\"robots\" content=\"index, follow, max-snippet:-1, max-image-preview:large, max-video-preview:-1\" \/>\n<link rel=\"canonical\" href=\"https:\/\/fyrahus.se\/fi\/avloppssystem\/\" \/>\n<meta property=\"og:locale\" content=\"fi_FI\" \/>\n<meta property=\"og:type\" content=\"article\" \/>\n<meta property=\"og:title\" content=\"TOIMIVA VIEM\u00c4RIJ\u00c4RJESTELM\u00c4 - Fyra Hus\" \/>\n<meta property=\"og:description\" content=\"Viem\u00e4rin keskeiset ongelmat Paineen muutoksista (ylipaine, mutta ennen kaikkea alipaine) johtuva ep\u00e4tasapaino syntyy viem\u00e4rij\u00e4rjestelm\u00e4n k\u00e4yt\u00f6st\u00e4 ja johtaa huonoon virtaukseen ja tyhjentyneisiin\/vuotaviin vesilukkoihin. Perussyy t\u00e4h\u00e4n on se, ett\u00e4 viem\u00e4rij\u00e4rjestelm\u00e4\u00e4 ei ole mitoitettu t\u00e4m\u00e4n p\u00e4iv\u00e4n intensiiviseen k\u00e4ytt\u00f6\u00f6n ja ett\u00e4 eri komponenteissa sek\u00e4 j\u00e4rjestelmien suunnittelussa on perinteisesti ollut puutteita. Seuraukset Haju ja ep\u00e4mukavuus Suuri huoltotarve Tartuntojen levi\u00e4misriski Ratkaisu &hellip; Continued TOIMIVA VIEM\u00c4RIJ\u00c4RJESTELM\u00c4\" \/>\n<meta property=\"og:url\" content=\"https:\/\/fyrahus.se\/fi\/avloppssystem\/\" \/>\n<meta property=\"og:site_name\" content=\"Fyra Hus\" \/>\n<meta property=\"article:modified_time\" content=\"2016-10-13T05:13:48+00:00\" \/>\n<meta name=\"twitter:card\" content=\"summary\" \/>\n<meta name=\"twitter:label1\" content=\"Est. reading time\">\n\t<meta name=\"twitter:data1\" content=\"1 minuutti\">\n<script type=\"application\/ld+json\" class=\"yoast-schema-graph\">{\"@context\":\"https:\/\/schema.org\",\"@graph\":[{\"@type\":\"WebSite\",\"@id\":\"https:\/\/fyrahus.se\/#website\",\"url\":\"https:\/\/fyrahus.se\/\",\"name\":\"Fyra Hus\",\"description\":\"Fungerande avlopp\",\"potentialAction\":[{\"@type\":\"SearchAction\",\"target\":\"https:\/\/fyrahus.se\/?s={search_term_string}\",\"query-input\":\"required name=search_term_string\"}],\"inLanguage\":\"fi\"},{\"@type\":\"WebPage\",\"@id\":\"https:\/\/fyrahus.se\/fi\/avloppssystem\/#webpage\",\"url\":\"https:\/\/fyrahus.se\/fi\/avloppssystem\/\",\"name\":\"TOIMIVA VIEM\\u00c4RIJ\\u00c4RJESTELM\\u00c4 - Fyra Hus\",\"isPartOf\":{\"@id\":\"https:\/\/fyrahus.se\/#website\"},\"datePublished\":\"2015-09-02T10:58:12+00:00\",\"dateModified\":\"2016-10-13T05:13:48+00:00\",\"breadcrumb\":{\"@id\":\"https:\/\/fyrahus.se\/fi\/avloppssystem\/#breadcrumb\"},\"inLanguage\":\"fi\",\"potentialAction\":[{\"@type\":\"ReadAction\",\"target\":[\"https:\/\/fyrahus.se\/fi\/avloppssystem\/\"]}]},{\"@type\":\"BreadcrumbList\",\"@id\":\"https:\/\/fyrahus.se\/fi\/avloppssystem\/#breadcrumb\",\"itemListElement\":[{\"@type\":\"ListItem\",\"position\":1,\"item\":{\"@type\":\"WebPage\",\"@id\":\"https:\/\/fyrahus.se\/fi\/\",\"url\":\"https:\/\/fyrahus.se\/fi\/\",\"name\":\"Hem\"}},{\"@type\":\"ListItem\",\"position\":2,\"item\":{\"@type\":\"WebPage\",\"@id\":\"https:\/\/fyrahus.se\/fi\/avloppssystem\/\",\"url\":\"https:\/\/fyrahus.se\/fi\/avloppssystem\/\",\"name\":\"TOIMIVA VIEM\\u00c4RIJ\\u00c4RJESTELM\\u00c4\"}}]}]}<\/script>\n<!-- \/ Yoast SEO plugin. -->","_links":{"self":[{"href":"https:\/\/fyrahus.se\/fi\/wp-json\/wp\/v2\/pages\/1416"}],"collection":[{"href":"https:\/\/fyrahus.se\/fi\/wp-json\/wp\/v2\/pages"}],"about":[{"href":"https:\/\/fyrahus.se\/fi\/wp-json\/wp\/v2\/types\/page"}],"author":[{"embeddable":true,"href":"https:\/\/fyrahus.se\/fi\/wp-json\/wp\/v2\/users\/1"}],"replies":[{"embeddable":true,"href":"https:\/\/fyrahus.se\/fi\/wp-json\/wp\/v2\/comments?post=1416"}],"version-history":[{"count":5,"href":"https:\/\/fyrahus.se\/fi\/wp-json\/wp\/v2\/pages\/1416\/revisions"}],"predecessor-version":[{"id":1440,"href":"https:\/\/fyrahus.se\/fi\/wp-json\/wp\/v2\/pages\/1416\/revisions\/1440"}],"wp:attachment":[{"href":"https:\/\/fyrahus.se\/fi\/wp-json\/wp\/v2\/media?parent=1416"}],"curies":[{"name":"wp","href":"https:\/\/api.w.org\/{rel}","templated":true}]}}