{"id":1414,"date":"2015-09-02T12:59:18","date_gmt":"2015-09-02T10:59:18","guid":{"rendered":"http:\/\/fyrahus.se.loopiadns.com\/fi\/aterforsaljare\/"},"modified":"2016-10-13T11:56:40","modified_gmt":"2016-10-13T09:56:40","slug":"aterforsaljare","status":"publish","type":"page","link":"https:\/\/fyrahus.se\/fi\/aterforsaljare\/","title":{"rendered":"J\u00e4lleenmyyj\u00e4"},"content":{"rendered":"<p style=\"text-align: left\"><strong>Avulla meid\u00e4n j\u00e4lleenmyyj\u00e4t, meill\u00e4 on johtava ja ilmeinen toimittaja ja kumppani kustannustehokkaita ja ymp\u00e4rist\u00f6yst\u00e4v\u00e4llisi\u00e4 ratkaisuja viem\u00e4riverkostoon.<\/strong><\/p>\n","protected":false},"excerpt":{"rendered":"<p>Avulla meid\u00e4n j\u00e4lleenmyyj\u00e4t, meill\u00e4 on johtava ja ilmeinen toimittaja ja kumppani kustannustehokkaita ja ymp\u00e4rist\u00f6yst\u00e4v\u00e4llisi\u00e4 ratkaisuja viem\u00e4riverkostoon.<\/p>\n","protected":false},"author":1,"featured_media":0,"parent":0,"menu_order":15,"comment_status":"closed","ping_status":"closed","template":"template-resellers.php","meta":{"_links_to":"","_links_to_target":""},"yoast_head":"<!-- This site is optimized with the Yoast SEO plugin v15.8 - https:\/\/yoast.com\/wordpress\/plugins\/seo\/ -->\n<title>J\u00e4lleenmyyj\u00e4 - Fyra Hus<\/title>\n<meta name=\"description\" content=\"\u00c5terf\u00f6rs\u00e4ljare av STUDORs produkter\" \/>\n<meta name=\"robots\" content=\"index, follow, max-snippet:-1, max-image-preview:large, max-video-preview:-1\" \/>\n<link rel=\"canonical\" href=\"https:\/\/fyrahus.se\/fi\/aterforsaljare\/\" \/>\n<meta property=\"og:locale\" content=\"fi_FI\" \/>\n<meta property=\"og:type\" content=\"article\" \/>\n<meta property=\"og:title\" content=\"J\u00e4lleenmyyj\u00e4 - Fyra Hus\" \/>\n<meta property=\"og:description\" content=\"\u00c5terf\u00f6rs\u00e4ljare av STUDORs produkter\" \/>\n<meta property=\"og:url\" content=\"https:\/\/fyrahus.se\/fi\/aterforsaljare\/\" \/>\n<meta property=\"og:site_name\" content=\"Fyra Hus\" \/>\n<meta property=\"article:modified_time\" content=\"2016-10-13T09:56:40+00:00\" \/>\n<meta name=\"twitter:card\" content=\"summary\" \/>\n<script type=\"application\/ld+json\" class=\"yoast-schema-graph\">{\"@context\":\"https:\/\/schema.org\",\"@graph\":[{\"@type\":\"WebSite\",\"@id\":\"https:\/\/fyrahus.se\/#website\",\"url\":\"https:\/\/fyrahus.se\/\",\"name\":\"Fyra Hus\",\"description\":\"Fungerande avlopp\",\"potentialAction\":[{\"@type\":\"SearchAction\",\"target\":\"https:\/\/fyrahus.se\/?s={search_term_string}\",\"query-input\":\"required name=search_term_string\"}],\"inLanguage\":\"fi\"},{\"@type\":\"WebPage\",\"@id\":\"https:\/\/fyrahus.se\/fi\/aterforsaljare\/#webpage\",\"url\":\"https:\/\/fyrahus.se\/fi\/aterforsaljare\/\",\"name\":\"J\\u00e4lleenmyyj\\u00e4 - Fyra Hus\",\"isPartOf\":{\"@id\":\"https:\/\/fyrahus.se\/#website\"},\"datePublished\":\"2015-09-02T10:59:18+00:00\",\"dateModified\":\"2016-10-13T09:56:40+00:00\",\"description\":\"\\u00c5terf\\u00f6rs\\u00e4ljare av STUDORs produkter\",\"breadcrumb\":{\"@id\":\"https:\/\/fyrahus.se\/fi\/aterforsaljare\/#breadcrumb\"},\"inLanguage\":\"fi\",\"potentialAction\":[{\"@type\":\"ReadAction\",\"target\":[\"https:\/\/fyrahus.se\/fi\/aterforsaljare\/\"]}]},{\"@type\":\"BreadcrumbList\",\"@id\":\"https:\/\/fyrahus.se\/fi\/aterforsaljare\/#breadcrumb\",\"itemListElement\":[{\"@type\":\"ListItem\",\"position\":1,\"item\":{\"@type\":\"WebPage\",\"@id\":\"https:\/\/fyrahus.se\/fi\/\",\"url\":\"https:\/\/fyrahus.se\/fi\/\",\"name\":\"Hem\"}},{\"@type\":\"ListItem\",\"position\":2,\"item\":{\"@type\":\"WebPage\",\"@id\":\"https:\/\/fyrahus.se\/fi\/aterforsaljare\/\",\"url\":\"https:\/\/fyrahus.se\/fi\/aterforsaljare\/\",\"name\":\"J\\u00e4lleenmyyj\\u00e4\"}}]}]}<\/script>\n<!-- \/ Yoast SEO plugin. -->","_links":{"self":[{"href":"https:\/\/fyrahus.se\/fi\/wp-json\/wp\/v2\/pages\/1414"}],"collection":[{"href":"https:\/\/fyrahus.se\/fi\/wp-json\/wp\/v2\/pages"}],"about":[{"href":"https:\/\/fyrahus.se\/fi\/wp-json\/wp\/v2\/types\/page"}],"author":[{"embeddable":true,"href":"https:\/\/fyrahus.se\/fi\/wp-json\/wp\/v2\/users\/1"}],"replies":[{"embeddable":true,"href":"https:\/\/fyrahus.se\/fi\/wp-json\/wp\/v2\/comments?post=1414"}],"version-history":[{"count":3,"href":"https:\/\/fyrahus.se\/fi\/wp-json\/wp\/v2\/pages\/1414\/revisions"}],"predecessor-version":[{"id":1465,"href":"https:\/\/fyrahus.se\/fi\/wp-json\/wp\/v2\/pages\/1414\/revisions\/1465"}],"wp:attachment":[{"href":"https:\/\/fyrahus.se\/fi\/wp-json\/wp\/v2\/media?parent=1414"}],"curies":[{"name":"wp","href":"https:\/\/api.w.org\/{rel}","templated":true}]}}