{"id":1108,"date":"2015-09-03T15:21:36","date_gmt":"2015-09-03T13:21:36","guid":{"rendered":"http:\/\/fyrahus.se.loopiadns.com\/en\/start\/"},"modified":"2016-02-26T12:53:42","modified_gmt":"2016-02-26T11:53:42","slug":"start","status":"publish","type":"page","link":"https:\/\/fyrahus.se\/en\/","title":{"rendered":"Home"},"content":{"rendered":"<p><strong>Fyra Hus erbjuder kvalificerade produkter och tj\u00e4nster inom VVS-teknik.<\/strong><\/p>\n<p>Vi \u00e4r ledande inom luft\u00adnings\u00adtek\u00adnik f\u00f6r avlopp och ansvarar f\u00f6r f\u00f6r\u00ads\u00e4lj\u00adningen av Studors produkter f\u00f6r b\u00e4ttre fungerande av\u00adlopp\u00adsy\u00adstem i Norden.<\/p>\n","protected":false},"excerpt":{"rendered":"<p>Fyra Hus erbjuder kvalificerade produkter och tj\u00e4nster inom VVS-teknik. Vi \u00e4r ledande inom luft\u00adnings\u00adtek\u00adnik f\u00f6r avlopp och ansvarar f\u00f6r f\u00f6r\u00ads\u00e4lj\u00adningen av Studors produkter f\u00f6r b\u00e4ttre fungerande av\u00adlopp\u00adsy\u00adstem i Norden.<\/p>\n","protected":false},"author":1,"featured_media":0,"parent":0,"menu_order":0,"comment_status":"closed","ping_status":"closed","template":"template-startpage.php","meta":{"_links_to":"","_links_to_target":""},"yoast_head":"<!-- This site is optimized with the Yoast SEO plugin v15.8 - https:\/\/yoast.com\/wordpress\/plugins\/seo\/ -->\n<title>Fyra Hus \u2013 Fungerande avloppsystem med Studor<\/title>\n<meta name=\"description\" content=\"Vi \u00e4r ledande inom luft\u00adnings\u00adtek\u00adnik f\u00f6r avlopp och ansvarar f\u00f6r f\u00f6r\u00ads\u00e4lj\u00adningen av Studors produkter f\u00f6r b\u00e4ttre fungerande av\u00adlopp\u00adsy\u00adstem i Norden.\" \/>\n<meta name=\"robots\" content=\"index, follow, max-snippet:-1, max-image-preview:large, max-video-preview:-1\" \/>\n<link rel=\"canonical\" href=\"https:\/\/fyrahus.se\/en\/\" \/>\n<meta property=\"og:locale\" content=\"en_GB\" \/>\n<meta property=\"og:type\" content=\"article\" \/>\n<meta property=\"og:title\" content=\"Fyra Hus \u2013 Fungerande avloppsystem med Studor\" \/>\n<meta property=\"og:description\" content=\"Vi \u00e4r ledande inom luft\u00adnings\u00adtek\u00adnik f\u00f6r avlopp och ansvarar f\u00f6r f\u00f6r\u00ads\u00e4lj\u00adningen av Studors produkter f\u00f6r b\u00e4ttre fungerande av\u00adlopp\u00adsy\u00adstem i Norden.\" \/>\n<meta property=\"og:url\" content=\"https:\/\/fyrahus.se\/en\/\" \/>\n<meta property=\"og:site_name\" content=\"Fyra Hus\" \/>\n<meta property=\"article:modified_time\" content=\"2016-02-26T11:53:42+00:00\" \/>\n<meta name=\"twitter:card\" content=\"summary\" \/>\n<script type=\"application\/ld+json\" class=\"yoast-schema-graph\">{\"@context\":\"https:\/\/schema.org\",\"@graph\":[{\"@type\":\"WebSite\",\"@id\":\"https:\/\/fyrahus.se\/#website\",\"url\":\"https:\/\/fyrahus.se\/\",\"name\":\"Fyra Hus\",\"description\":\"Fungerande avlopp\",\"potentialAction\":[{\"@type\":\"SearchAction\",\"target\":\"https:\/\/fyrahus.se\/?s={search_term_string}\",\"query-input\":\"required name=search_term_string\"}],\"inLanguage\":\"en-GB\"},{\"@type\":\"WebPage\",\"@id\":\"https:\/\/fyrahus.se\/en\/#webpage\",\"url\":\"https:\/\/fyrahus.se\/en\/\",\"name\":\"Fyra Hus \\u2013 Fungerande avloppsystem med Studor\",\"isPartOf\":{\"@id\":\"https:\/\/fyrahus.se\/#website\"},\"datePublished\":\"2015-09-03T13:21:36+00:00\",\"dateModified\":\"2016-02-26T11:53:42+00:00\",\"description\":\"Vi \\u00e4r ledande inom luft\\u00adnings\\u00adtek\\u00adnik f\\u00f6r avlopp och ansvarar f\\u00f6r f\\u00f6r\\u00ads\\u00e4lj\\u00adningen av Studors produkter f\\u00f6r b\\u00e4ttre fungerande av\\u00adlopp\\u00adsy\\u00adstem i Norden.\",\"breadcrumb\":{\"@id\":\"https:\/\/fyrahus.se\/en\/#breadcrumb\"},\"inLanguage\":\"en-GB\",\"potentialAction\":[{\"@type\":\"ReadAction\",\"target\":[\"https:\/\/fyrahus.se\/en\/\"]}]},{\"@type\":\"BreadcrumbList\",\"@id\":\"https:\/\/fyrahus.se\/en\/#breadcrumb\",\"itemListElement\":[{\"@type\":\"ListItem\",\"position\":1,\"item\":{\"@type\":\"WebPage\",\"@id\":\"https:\/\/fyrahus.se\/en\/\",\"url\":\"https:\/\/fyrahus.se\/en\/\",\"name\":\"Hem\"}},{\"@type\":\"ListItem\",\"position\":2,\"item\":{\"@type\":\"WebPage\",\"@id\":\"https:\/\/fyrahus.se\/en\/\",\"url\":\"https:\/\/fyrahus.se\/en\/\",\"name\":\"Home\"}}]}]}<\/script>\n<!-- \/ Yoast SEO plugin. -->","_links":{"self":[{"href":"https:\/\/fyrahus.se\/en\/wp-json\/wp\/v2\/pages\/1108"}],"collection":[{"href":"https:\/\/fyrahus.se\/en\/wp-json\/wp\/v2\/pages"}],"about":[{"href":"https:\/\/fyrahus.se\/en\/wp-json\/wp\/v2\/types\/page"}],"author":[{"embeddable":true,"href":"https:\/\/fyrahus.se\/en\/wp-json\/wp\/v2\/users\/1"}],"replies":[{"embeddable":true,"href":"https:\/\/fyrahus.se\/en\/wp-json\/wp\/v2\/comments?post=1108"}],"version-history":[{"count":3,"href":"https:\/\/fyrahus.se\/en\/wp-json\/wp\/v2\/pages\/1108\/revisions"}],"predecessor-version":[{"id":1113,"href":"https:\/\/fyrahus.se\/en\/wp-json\/wp\/v2\/pages\/1108\/revisions\/1113"}],"wp:attachment":[{"href":"https:\/\/fyrahus.se\/en\/wp-json\/wp\/v2\/media?parent=1108"}],"curies":[{"name":"wp","href":"https:\/\/api.w.org\/{rel}","templated":true}]}}