{"id":936,"date":"2015-09-02T14:01:25","date_gmt":"2015-09-02T12:01:25","guid":{"rendered":"http:\/\/fyrahus.se.loopiadns.com\/da\/aflobssystem\/papa\/"},"modified":"2016-10-23T18:31:57","modified_gmt":"2016-10-23T16:31:57","slug":"papa","status":"publish","type":"page","link":"https:\/\/fyrahus.se\/da\/aflobssystem\/papa\/","title":{"rendered":"P.A.P.A."},"content":{"rendered":"<h3 style=\"text-align: left\">P.A.P.A. er et revolutionerende produkt.<\/h3>\n<p><strong>P.A.P.A.<\/strong> (Positive Air Pressure Attenuator) fjerner overtryk som laves i et afl\u00f8bssystem med h\u00f8j belastning Overtryk findes fram for alt i boligkompleks med flere etager hvor der forekommer retnings\u00e6ndring af r\u00f8rsystemet (vandslag effekt).<\/p>\n<p><strong>P.A.P.A.<\/strong> giver mulighed for at forenkle konstruktion af afl\u00f8bssystemer.<\/p>\n","protected":false},"excerpt":{"rendered":"<p>P.A.P.A. er et revolutionerende produkt. P.A.P.A. (Positive Air Pressure Attenuator) fjerner overtryk som laves i et afl\u00f8bssystem med h\u00f8j belastning Overtryk findes fram for alt i boligkompleks med flere etager hvor der forekommer retnings\u00e6ndring af r\u00f8rsystemet (vandslag effekt). P.A.P.A. giver mulighed for at forenkle konstruktion af afl\u00f8bssystemer.<\/p>\n","protected":false},"author":1,"featured_media":347,"parent":753,"menu_order":5,"comment_status":"closed","ping_status":"closed","template":"template-product.php","meta":{"_links_to":"","_links_to_target":""},"yoast_head":"<!-- This site is optimized with the Yoast SEO plugin v15.8 - https:\/\/yoast.com\/wordpress\/plugins\/seo\/ -->\n<title>P.A.P.A \u2013 \u00d6vertrycksd\u00e4mpare f\u00f6r fungerande avloppsystem | Fyra Hus<\/title>\n<meta name=\"robots\" content=\"index, follow, max-snippet:-1, max-image-preview:large, max-video-preview:-1\" \/>\n<link rel=\"canonical\" href=\"https:\/\/fyrahus.se\/da\/aflobssystem\/papa\/\" \/>\n<meta property=\"og:locale\" content=\"da_DK\" \/>\n<meta property=\"og:type\" content=\"article\" \/>\n<meta property=\"og:title\" content=\"P.A.P.A \u2013 \u00d6vertrycksd\u00e4mpare f\u00f6r fungerande avloppsystem | Fyra Hus\" \/>\n<meta property=\"og:description\" content=\"P.A.P.A. er et revolutionerende produkt. P.A.P.A. (Positive Air Pressure Attenuator) fjerner overtryk som laves i et afl\u00f8bssystem med h\u00f8j belastning Overtryk findes fram for alt i boligkompleks med flere etager hvor der forekommer retnings\u00e6ndring af r\u00f8rsystemet (vandslag effekt). P.A.P.A. giver mulighed for at forenkle konstruktion af afl\u00f8bssystemer.\" \/>\n<meta property=\"og:url\" content=\"https:\/\/fyrahus.se\/da\/aflobssystem\/papa\/\" \/>\n<meta property=\"og:site_name\" content=\"Fyra Hus\" \/>\n<meta property=\"article:modified_time\" content=\"2016-10-23T16:31:57+00:00\" \/>\n<meta property=\"og:image\" content=\"https:\/\/fyrahus.se\/wp-content\/uploads\/PAPA_p2.jpg\" \/>\n\t<meta property=\"og:image:width\" content=\"1277\" \/>\n\t<meta property=\"og:image:height\" content=\"1277\" \/>\n<meta name=\"twitter:card\" content=\"summary\" \/>\n<script type=\"application\/ld+json\" class=\"yoast-schema-graph\">{\"@context\":\"https:\/\/schema.org\",\"@graph\":[{\"@type\":\"WebSite\",\"@id\":\"https:\/\/fyrahus.se\/#website\",\"url\":\"https:\/\/fyrahus.se\/\",\"name\":\"Fyra Hus\",\"description\":\"Fungerande avlopp\",\"potentialAction\":[{\"@type\":\"SearchAction\",\"target\":\"https:\/\/fyrahus.se\/?s={search_term_string}\",\"query-input\":\"required name=search_term_string\"}],\"inLanguage\":\"da-DK\"},{\"@type\":\"ImageObject\",\"@id\":\"https:\/\/fyrahus.se\/da\/aflobssystem\/papa\/#primaryimage\",\"inLanguage\":\"da-DK\",\"url\":\"https:\/\/fyrahus.se\/wp-content\/uploads\/PAPA_p2.jpg\",\"width\":1277,\"height\":1277},{\"@type\":\"WebPage\",\"@id\":\"https:\/\/fyrahus.se\/da\/aflobssystem\/papa\/#webpage\",\"url\":\"https:\/\/fyrahus.se\/da\/aflobssystem\/papa\/\",\"name\":\"P.A.P.A \\u2013 \\u00d6vertrycksd\\u00e4mpare f\\u00f6r fungerande avloppsystem | Fyra Hus\",\"isPartOf\":{\"@id\":\"https:\/\/fyrahus.se\/#website\"},\"primaryImageOfPage\":{\"@id\":\"https:\/\/fyrahus.se\/da\/aflobssystem\/papa\/#primaryimage\"},\"datePublished\":\"2015-09-02T12:01:25+00:00\",\"dateModified\":\"2016-10-23T16:31:57+00:00\",\"breadcrumb\":{\"@id\":\"https:\/\/fyrahus.se\/da\/aflobssystem\/papa\/#breadcrumb\"},\"inLanguage\":\"da-DK\",\"potentialAction\":[{\"@type\":\"ReadAction\",\"target\":[\"https:\/\/fyrahus.se\/da\/aflobssystem\/papa\/\"]}]},{\"@type\":\"BreadcrumbList\",\"@id\":\"https:\/\/fyrahus.se\/da\/aflobssystem\/papa\/#breadcrumb\",\"itemListElement\":[{\"@type\":\"ListItem\",\"position\":1,\"item\":{\"@type\":\"WebPage\",\"@id\":\"https:\/\/fyrahus.se\/da\/\",\"url\":\"https:\/\/fyrahus.se\/da\/\",\"name\":\"Hem\"}},{\"@type\":\"ListItem\",\"position\":2,\"item\":{\"@type\":\"WebPage\",\"@id\":\"https:\/\/fyrahus.se\/da\/aflobssystem\/\",\"url\":\"https:\/\/fyrahus.se\/da\/aflobssystem\/\",\"name\":\"Fungerende afl\\u00f8bssystem\"}},{\"@type\":\"ListItem\",\"position\":3,\"item\":{\"@type\":\"WebPage\",\"@id\":\"https:\/\/fyrahus.se\/da\/aflobssystem\/papa\/\",\"url\":\"https:\/\/fyrahus.se\/da\/aflobssystem\/papa\/\",\"name\":\"P.A.P.A.\"}}]}]}<\/script>\n<!-- \/ Yoast SEO plugin. -->","_links":{"self":[{"href":"https:\/\/fyrahus.se\/da\/wp-json\/wp\/v2\/pages\/936"}],"collection":[{"href":"https:\/\/fyrahus.se\/da\/wp-json\/wp\/v2\/pages"}],"about":[{"href":"https:\/\/fyrahus.se\/da\/wp-json\/wp\/v2\/types\/page"}],"author":[{"embeddable":true,"href":"https:\/\/fyrahus.se\/da\/wp-json\/wp\/v2\/users\/1"}],"replies":[{"embeddable":true,"href":"https:\/\/fyrahus.se\/da\/wp-json\/wp\/v2\/comments?post=936"}],"version-history":[{"count":5,"href":"https:\/\/fyrahus.se\/da\/wp-json\/wp\/v2\/pages\/936\/revisions"}],"predecessor-version":[{"id":1484,"href":"https:\/\/fyrahus.se\/da\/wp-json\/wp\/v2\/pages\/936\/revisions\/1484"}],"up":[{"embeddable":true,"href":"https:\/\/fyrahus.se\/da\/wp-json\/wp\/v2\/pages\/753"}],"wp:featuredmedia":[{"embeddable":true,"href":"https:\/\/fyrahus.se\/da\/wp-json\/wp\/v2\/media\/347"}],"wp:attachment":[{"href":"https:\/\/fyrahus.se\/da\/wp-json\/wp\/v2\/media?parent=936"}],"curies":[{"name":"wp","href":"https:\/\/api.w.org\/{rel}","templated":true}]}}