{"id":934,"date":"2015-09-21T17:38:14","date_gmt":"2015-09-21T15:38:14","guid":{"rendered":"http:\/\/fyrahus.se.loopiadns.com\/da\/aflobssystem\/maxi-filtra\/"},"modified":"2016-10-23T18:31:32","modified_gmt":"2016-10-23T16:31:32","slug":"maxi-filtra","status":"publish","type":"page","link":"https:\/\/fyrahus.se\/da\/aflobssystem\/maxi-filtra\/","title":{"rendered":"Maxi-Filtra"},"content":{"rendered":"<p><strong>Maxi-Filtra <\/strong>best\u00e5r af et aktivt kulfilter som er udviklet for p\u00e5 bedst mulig m\u00e5de fjerne lugt fra t.eks. cisterner, pumpestationer, rensningsanl\u00e6g, midlertidige l\u00f8sninger og \u00e5bne udluftningsr\u00f8r.<\/p>\n<p><strong>Maxi-Filtra<\/strong>s kulpatron kan byttes ud.<\/p>\n<table style=\"height: 115px\" width=\"190\">\n<tbody>\n<tr>\n<td style=\"text-align: left\" colspan=\"2\" width=\"130\"><strong>KAPACITET LUFTGENNEMSTR\u00d8MNING<\/strong><\/td>\n<\/tr>\n<tr>\n<td style=\"text-align: center\">tryk (Pa)<\/td>\n<td style=\"text-align: center\">Flow (l\/s)<\/td>\n<\/tr>\n<tr>\n<td style=\"text-align: center\">100<\/td>\n<td style=\"text-align: center\">2<\/td>\n<\/tr>\n<tr>\n<td style=\"text-align: center\">250<\/td>\n<td style=\"text-align: center\">5<\/td>\n<\/tr>\n<tr>\n<td style=\"text-align: center\">500<\/td>\n<td style=\"text-align: center\">8<\/td>\n<\/tr>\n<\/tbody>\n<\/table>\n","protected":false},"excerpt":{"rendered":"<p>Maxi-Filtra best\u00e5r af et aktivt kulfilter som er udviklet for p\u00e5 bedst mulig m\u00e5de fjerne lugt fra t.eks. cisterner, pumpestationer, rensningsanl\u00e6g, midlertidige l\u00f8sninger og \u00e5bne udluftningsr\u00f8r. Maxi-Filtras kulpatron kan byttes ud. KAPACITET LUFTGENNEMSTR\u00d8MNING tryk (Pa) Flow (l\/s) 100 2 250 5 500 8<\/p>\n","protected":false},"author":2,"featured_media":440,"parent":753,"menu_order":4,"comment_status":"closed","ping_status":"closed","template":"template-product.php","meta":{"_links_to":"","_links_to_target":""},"yoast_head":"<!-- This site is optimized with the Yoast SEO plugin v15.8 - https:\/\/yoast.com\/wordpress\/plugins\/seo\/ -->\n<title>Maxi-Filtra \u2013 Aktivt kolfilter som tar bort illaluktande luft \u2013 Fyra Hus<\/title>\n<meta name=\"robots\" content=\"index, follow, max-snippet:-1, max-image-preview:large, max-video-preview:-1\" \/>\n<link rel=\"canonical\" href=\"https:\/\/fyrahus.se\/da\/aflobssystem\/maxi-filtra\/\" \/>\n<meta property=\"og:locale\" content=\"da_DK\" \/>\n<meta property=\"og:type\" content=\"article\" \/>\n<meta property=\"og:title\" content=\"Maxi-Filtra \u2013 Aktivt kolfilter som tar bort illaluktande luft \u2013 Fyra Hus\" \/>\n<meta property=\"og:description\" content=\"Maxi-Filtra best\u00e5r af et aktivt kulfilter som er udviklet for p\u00e5 bedst mulig m\u00e5de fjerne lugt fra t.eks. cisterner, pumpestationer, rensningsanl\u00e6g, midlertidige l\u00f8sninger og \u00e5bne udluftningsr\u00f8r. Maxi-Filtras kulpatron kan byttes ud. KAPACITET LUFTGENNEMSTR\u00d8MNING tryk (Pa) Flow (l\/s) 100 2 250 5 500 8\" \/>\n<meta property=\"og:url\" content=\"https:\/\/fyrahus.se\/da\/aflobssystem\/maxi-filtra\/\" \/>\n<meta property=\"og:site_name\" content=\"Fyra Hus\" \/>\n<meta property=\"article:modified_time\" content=\"2016-10-23T16:31:32+00:00\" \/>\n<meta property=\"og:image\" content=\"https:\/\/fyrahus.se\/wp-content\/uploads\/maxi-filtra_p1.jpg\" \/>\n\t<meta property=\"og:image:width\" content=\"656\" \/>\n\t<meta property=\"og:image:height\" content=\"668\" \/>\n<meta name=\"twitter:card\" content=\"summary\" \/>\n<script type=\"application\/ld+json\" class=\"yoast-schema-graph\">{\"@context\":\"https:\/\/schema.org\",\"@graph\":[{\"@type\":\"WebSite\",\"@id\":\"https:\/\/fyrahus.se\/#website\",\"url\":\"https:\/\/fyrahus.se\/\",\"name\":\"Fyra Hus\",\"description\":\"Fungerande avlopp\",\"potentialAction\":[{\"@type\":\"SearchAction\",\"target\":\"https:\/\/fyrahus.se\/?s={search_term_string}\",\"query-input\":\"required name=search_term_string\"}],\"inLanguage\":\"da-DK\"},{\"@type\":\"ImageObject\",\"@id\":\"https:\/\/fyrahus.se\/da\/aflobssystem\/maxi-filtra\/#primaryimage\",\"inLanguage\":\"da-DK\",\"url\":\"https:\/\/fyrahus.se\/wp-content\/uploads\/maxi-filtra_p1.jpg\",\"width\":656,\"height\":668},{\"@type\":\"WebPage\",\"@id\":\"https:\/\/fyrahus.se\/da\/aflobssystem\/maxi-filtra\/#webpage\",\"url\":\"https:\/\/fyrahus.se\/da\/aflobssystem\/maxi-filtra\/\",\"name\":\"Maxi-Filtra \\u2013 Aktivt kolfilter som tar bort illaluktande luft \\u2013 Fyra Hus\",\"isPartOf\":{\"@id\":\"https:\/\/fyrahus.se\/#website\"},\"primaryImageOfPage\":{\"@id\":\"https:\/\/fyrahus.se\/da\/aflobssystem\/maxi-filtra\/#primaryimage\"},\"datePublished\":\"2015-09-21T15:38:14+00:00\",\"dateModified\":\"2016-10-23T16:31:32+00:00\",\"breadcrumb\":{\"@id\":\"https:\/\/fyrahus.se\/da\/aflobssystem\/maxi-filtra\/#breadcrumb\"},\"inLanguage\":\"da-DK\",\"potentialAction\":[{\"@type\":\"ReadAction\",\"target\":[\"https:\/\/fyrahus.se\/da\/aflobssystem\/maxi-filtra\/\"]}]},{\"@type\":\"BreadcrumbList\",\"@id\":\"https:\/\/fyrahus.se\/da\/aflobssystem\/maxi-filtra\/#breadcrumb\",\"itemListElement\":[{\"@type\":\"ListItem\",\"position\":1,\"item\":{\"@type\":\"WebPage\",\"@id\":\"https:\/\/fyrahus.se\/da\/\",\"url\":\"https:\/\/fyrahus.se\/da\/\",\"name\":\"Hem\"}},{\"@type\":\"ListItem\",\"position\":2,\"item\":{\"@type\":\"WebPage\",\"@id\":\"https:\/\/fyrahus.se\/da\/aflobssystem\/\",\"url\":\"https:\/\/fyrahus.se\/da\/aflobssystem\/\",\"name\":\"Fungerende afl\\u00f8bssystem\"}},{\"@type\":\"ListItem\",\"position\":3,\"item\":{\"@type\":\"WebPage\",\"@id\":\"https:\/\/fyrahus.se\/da\/aflobssystem\/maxi-filtra\/\",\"url\":\"https:\/\/fyrahus.se\/da\/aflobssystem\/maxi-filtra\/\",\"name\":\"Maxi-Filtra\"}}]}]}<\/script>\n<!-- \/ Yoast SEO plugin. -->","_links":{"self":[{"href":"https:\/\/fyrahus.se\/da\/wp-json\/wp\/v2\/pages\/934"}],"collection":[{"href":"https:\/\/fyrahus.se\/da\/wp-json\/wp\/v2\/pages"}],"about":[{"href":"https:\/\/fyrahus.se\/da\/wp-json\/wp\/v2\/types\/page"}],"author":[{"embeddable":true,"href":"https:\/\/fyrahus.se\/da\/wp-json\/wp\/v2\/users\/2"}],"replies":[{"embeddable":true,"href":"https:\/\/fyrahus.se\/da\/wp-json\/wp\/v2\/comments?post=934"}],"version-history":[{"count":5,"href":"https:\/\/fyrahus.se\/da\/wp-json\/wp\/v2\/pages\/934\/revisions"}],"predecessor-version":[{"id":1483,"href":"https:\/\/fyrahus.se\/da\/wp-json\/wp\/v2\/pages\/934\/revisions\/1483"}],"up":[{"embeddable":true,"href":"https:\/\/fyrahus.se\/da\/wp-json\/wp\/v2\/pages\/753"}],"wp:featuredmedia":[{"embeddable":true,"href":"https:\/\/fyrahus.se\/da\/wp-json\/wp\/v2\/media\/440"}],"wp:attachment":[{"href":"https:\/\/fyrahus.se\/da\/wp-json\/wp\/v2\/media?parent=934"}],"curies":[{"name":"wp","href":"https:\/\/api.w.org\/{rel}","templated":true}]}}