{"id":932,"date":"2015-09-08T14:19:21","date_gmt":"2015-09-08T12:19:21","guid":{"rendered":"http:\/\/fyrahus.se.loopiadns.com\/da\/aflobssystem\/maxi-vent\/"},"modified":"2016-10-23T18:31:05","modified_gmt":"2016-10-23T16:31:05","slug":"maxi-vent","status":"publish","type":"page","link":"https:\/\/fyrahus.se\/da\/aflobssystem\/maxi-vent\/","title":{"rendered":"Maxi-Vent"},"content":{"rendered":"<h3 style=\"text-align: left\"><strong>Byggetekniske fordele<\/strong><\/h3>\n<p><strong>Maxi-Vent <\/strong>Maxi-Vent medf\u00f8re byggetekninske fordele idet den erstatter gennemf\u00f8ring i taget for den traditionelle faldstammeudluftningr\u00f8r og derved g\u00f8r det enkelt at l\u00e6gge nye r\u00f8r.<\/p>\n<p>Med<strong> Maxi-Vent<\/strong> forhindrer du d\u00e5rlig lugt og sundhedsskadelig luft\/gas fra at spredes fra afl\u00f8bssystemet.<\/p>\n<p><strong>Maxi-Vent<\/strong> indluftsventil \u00e5bner ved undertryk og tilf\u00f8rer luft til afl\u00f8bssystemet som medf\u00f8rer at vandl\u00e5set beholder sin funktion og det giver samtidigt en effektiv gennemstr\u00e6mning i systemet. Ved neutral og overtryk er Maxi-Vent lukket og absolut t\u00e6t. Ved hj\u00e6lp af indluftsventil f\u00e5r du et helt lukket system.<\/p>\n","protected":false},"excerpt":{"rendered":"<p>Byggetekniske fordele Maxi-Vent Maxi-Vent medf\u00f8re byggetekninske fordele idet den erstatter gennemf\u00f8ring i taget for den traditionelle faldstammeudluftningr\u00f8r og derved g\u00f8r det enkelt at l\u00e6gge nye r\u00f8r. Med Maxi-Vent forhindrer du d\u00e5rlig lugt og sundhedsskadelig luft\/gas fra at spredes fra afl\u00f8bssystemet. Maxi-Vent indluftsventil \u00e5bner ved undertryk og tilf\u00f8rer luft til afl\u00f8bssystemet som medf\u00f8rer at vandl\u00e5set beholder &hellip; <\/p>\n<div class=\"read-more\"><a href=\"https:\/\/fyrahus.se\/da\/aflobssystem\/maxi-vent\/\">Forts\u00e6ttes <cite class=\"sr-only\">Maxi-Vent<\/cite><\/a><\/div>\n","protected":false},"author":1,"featured_media":438,"parent":753,"menu_order":3,"comment_status":"closed","ping_status":"closed","template":"template-product.php","meta":{"_links_to":"","_links_to_target":""},"yoast_head":"<!-- This site is optimized with the Yoast SEO plugin v15.8 - https:\/\/yoast.com\/wordpress\/plugins\/seo\/ -->\n<title>Maxi-Vent \u2013 Du slipper takgenomf\u00f6ringar f\u00f6r luftningsledning | Fyra Hus<\/title>\n<meta name=\"robots\" content=\"index, follow, max-snippet:-1, max-image-preview:large, max-video-preview:-1\" \/>\n<link rel=\"canonical\" href=\"https:\/\/fyrahus.se\/da\/aflobssystem\/maxi-vent\/\" \/>\n<meta property=\"og:locale\" content=\"da_DK\" \/>\n<meta property=\"og:type\" content=\"article\" \/>\n<meta property=\"og:title\" content=\"Maxi-Vent \u2013 Du slipper takgenomf\u00f6ringar f\u00f6r luftningsledning | Fyra Hus\" \/>\n<meta property=\"og:description\" content=\"Byggetekniske fordele Maxi-Vent Maxi-Vent medf\u00f8re byggetekninske fordele idet den erstatter gennemf\u00f8ring i taget for den traditionelle faldstammeudluftningr\u00f8r og derved g\u00f8r det enkelt at l\u00e6gge nye r\u00f8r. Med Maxi-Vent forhindrer du d\u00e5rlig lugt og sundhedsskadelig luft\/gas fra at spredes fra afl\u00f8bssystemet. Maxi-Vent indluftsventil \u00e5bner ved undertryk og tilf\u00f8rer luft til afl\u00f8bssystemet som medf\u00f8rer at vandl\u00e5set beholder &hellip; Forts\u00e6ttes Maxi-Vent\" \/>\n<meta property=\"og:url\" content=\"https:\/\/fyrahus.se\/da\/aflobssystem\/maxi-vent\/\" \/>\n<meta property=\"og:site_name\" content=\"Fyra Hus\" \/>\n<meta property=\"article:modified_time\" content=\"2016-10-23T16:31:05+00:00\" \/>\n<meta property=\"og:image\" content=\"https:\/\/fyrahus.se\/wp-content\/uploads\/maxi-vent_p4.jpg\" \/>\n\t<meta property=\"og:image:width\" content=\"656\" \/>\n\t<meta property=\"og:image:height\" content=\"668\" \/>\n<meta name=\"twitter:card\" content=\"summary\" \/>\n<meta name=\"twitter:label1\" content=\"Estimeret l\u00e6setid\">\n\t<meta name=\"twitter:data1\" content=\"1 minut\">\n<script type=\"application\/ld+json\" class=\"yoast-schema-graph\">{\"@context\":\"https:\/\/schema.org\",\"@graph\":[{\"@type\":\"WebSite\",\"@id\":\"https:\/\/fyrahus.se\/#website\",\"url\":\"https:\/\/fyrahus.se\/\",\"name\":\"Fyra Hus\",\"description\":\"Fungerande avlopp\",\"potentialAction\":[{\"@type\":\"SearchAction\",\"target\":\"https:\/\/fyrahus.se\/?s={search_term_string}\",\"query-input\":\"required name=search_term_string\"}],\"inLanguage\":\"da-DK\"},{\"@type\":\"ImageObject\",\"@id\":\"https:\/\/fyrahus.se\/da\/aflobssystem\/maxi-vent\/#primaryimage\",\"inLanguage\":\"da-DK\",\"url\":\"https:\/\/fyrahus.se\/wp-content\/uploads\/maxi-vent_p4.jpg\",\"width\":656,\"height\":668},{\"@type\":\"WebPage\",\"@id\":\"https:\/\/fyrahus.se\/da\/aflobssystem\/maxi-vent\/#webpage\",\"url\":\"https:\/\/fyrahus.se\/da\/aflobssystem\/maxi-vent\/\",\"name\":\"Maxi-Vent \\u2013 Du slipper takgenomf\\u00f6ringar f\\u00f6r luftningsledning | Fyra Hus\",\"isPartOf\":{\"@id\":\"https:\/\/fyrahus.se\/#website\"},\"primaryImageOfPage\":{\"@id\":\"https:\/\/fyrahus.se\/da\/aflobssystem\/maxi-vent\/#primaryimage\"},\"datePublished\":\"2015-09-08T12:19:21+00:00\",\"dateModified\":\"2016-10-23T16:31:05+00:00\",\"breadcrumb\":{\"@id\":\"https:\/\/fyrahus.se\/da\/aflobssystem\/maxi-vent\/#breadcrumb\"},\"inLanguage\":\"da-DK\",\"potentialAction\":[{\"@type\":\"ReadAction\",\"target\":[\"https:\/\/fyrahus.se\/da\/aflobssystem\/maxi-vent\/\"]}]},{\"@type\":\"BreadcrumbList\",\"@id\":\"https:\/\/fyrahus.se\/da\/aflobssystem\/maxi-vent\/#breadcrumb\",\"itemListElement\":[{\"@type\":\"ListItem\",\"position\":1,\"item\":{\"@type\":\"WebPage\",\"@id\":\"https:\/\/fyrahus.se\/da\/\",\"url\":\"https:\/\/fyrahus.se\/da\/\",\"name\":\"Hem\"}},{\"@type\":\"ListItem\",\"position\":2,\"item\":{\"@type\":\"WebPage\",\"@id\":\"https:\/\/fyrahus.se\/da\/aflobssystem\/\",\"url\":\"https:\/\/fyrahus.se\/da\/aflobssystem\/\",\"name\":\"Fungerende afl\\u00f8bssystem\"}},{\"@type\":\"ListItem\",\"position\":3,\"item\":{\"@type\":\"WebPage\",\"@id\":\"https:\/\/fyrahus.se\/da\/aflobssystem\/maxi-vent\/\",\"url\":\"https:\/\/fyrahus.se\/da\/aflobssystem\/maxi-vent\/\",\"name\":\"Maxi-Vent\"}}]}]}<\/script>\n<!-- \/ Yoast SEO plugin. -->","_links":{"self":[{"href":"https:\/\/fyrahus.se\/da\/wp-json\/wp\/v2\/pages\/932"}],"collection":[{"href":"https:\/\/fyrahus.se\/da\/wp-json\/wp\/v2\/pages"}],"about":[{"href":"https:\/\/fyrahus.se\/da\/wp-json\/wp\/v2\/types\/page"}],"author":[{"embeddable":true,"href":"https:\/\/fyrahus.se\/da\/wp-json\/wp\/v2\/users\/1"}],"replies":[{"embeddable":true,"href":"https:\/\/fyrahus.se\/da\/wp-json\/wp\/v2\/comments?post=932"}],"version-history":[{"count":5,"href":"https:\/\/fyrahus.se\/da\/wp-json\/wp\/v2\/pages\/932\/revisions"}],"predecessor-version":[{"id":1482,"href":"https:\/\/fyrahus.se\/da\/wp-json\/wp\/v2\/pages\/932\/revisions\/1482"}],"up":[{"embeddable":true,"href":"https:\/\/fyrahus.se\/da\/wp-json\/wp\/v2\/pages\/753"}],"wp:featuredmedia":[{"embeddable":true,"href":"https:\/\/fyrahus.se\/da\/wp-json\/wp\/v2\/media\/438"}],"wp:attachment":[{"href":"https:\/\/fyrahus.se\/da\/wp-json\/wp\/v2\/media?parent=932"}],"curies":[{"name":"wp","href":"https:\/\/api.w.org\/{rel}","templated":true}]}}