{"id":924,"date":"2015-09-21T18:24:59","date_gmt":"2015-09-21T16:24:59","guid":{"rendered":"http:\/\/fyrahus.se.loopiadns.com\/da\/aflobssystem\/trap-vent\/"},"modified":"2016-10-23T18:30:03","modified_gmt":"2016-10-23T16:30:03","slug":"trap-vent","status":"publish","type":"page","link":"https:\/\/fyrahus.se\/da\/aflobssystem\/trap-vent\/","title":{"rendered":"Trap-Vent"},"content":{"rendered":"<h3 style=\"text-align: left\"><strong>Minimerer vedligeholdelse og forbedring af afl\u00f8bets funktion.<\/strong><\/h3>\n<p><strong>Trap-Vent<\/strong> har en unik, selvrensende funktion. Vandl\u00e5set t\u00f8mmes effektivt ved brug idet den indvendige profil er udformet s\u00e5 der opst\u00e5r en ejektorvirkning og ingenting sidder fast p\u00e5 vejen igennem vandl\u00e5set.<\/p>\n<p><strong>Trap-Vent<\/strong> \u00e5bner allerede ved -70 Pa undertryk og tilf\u00f8re luft til afl\u00f8bssystemet. Derved forbedres gennemstr\u00f8mningen og vandl\u00e5set forhindres at t\u00f8mmes. Ved neutralt tryk eller overtryk er indluftsventilen lukket og absolut t\u00e6t.<\/p>\n","protected":false},"excerpt":{"rendered":"<p>Minimerer vedligeholdelse og forbedring af afl\u00f8bets funktion. Trap-Vent har en unik, selvrensende funktion. Vandl\u00e5set t\u00f8mmes effektivt ved brug idet den indvendige profil er udformet s\u00e5 der opst\u00e5r en ejektorvirkning og ingenting sidder fast p\u00e5 vejen igennem vandl\u00e5set. Trap-Vent \u00e5bner allerede ved -70 Pa undertryk og tilf\u00f8re luft til afl\u00f8bssystemet. Derved forbedres gennemstr\u00f8mningen og vandl\u00e5set forhindres &hellip; <\/p>\n<div class=\"read-more\"><a href=\"https:\/\/fyrahus.se\/da\/aflobssystem\/trap-vent\/\">Forts\u00e6ttes <cite class=\"sr-only\">Trap-Vent<\/cite><\/a><\/div>\n","protected":false},"author":2,"featured_media":350,"parent":753,"menu_order":1,"comment_status":"closed","ping_status":"closed","template":"template-product.php","meta":{"_links_to":"","_links_to_target":""},"yoast_head":"<!-- This site is optimized with the Yoast SEO plugin v15.8 - https:\/\/yoast.com\/wordpress\/plugins\/seo\/ -->\n<title>Trap-Vent \u2013 Sj\u00e4lvrensande vattenl\u00e5s med tilluftsventil | Fyra Hus<\/title>\n<meta name=\"robots\" content=\"index, follow, max-snippet:-1, max-image-preview:large, max-video-preview:-1\" \/>\n<link rel=\"canonical\" href=\"https:\/\/fyrahus.se\/da\/aflobssystem\/trap-vent\/\" \/>\n<meta property=\"og:locale\" content=\"da_DK\" \/>\n<meta property=\"og:type\" content=\"article\" \/>\n<meta property=\"og:title\" content=\"Trap-Vent \u2013 Sj\u00e4lvrensande vattenl\u00e5s med tilluftsventil | Fyra Hus\" \/>\n<meta property=\"og:description\" content=\"Minimerer vedligeholdelse og forbedring af afl\u00f8bets funktion. Trap-Vent har en unik, selvrensende funktion. Vandl\u00e5set t\u00f8mmes effektivt ved brug idet den indvendige profil er udformet s\u00e5 der opst\u00e5r en ejektorvirkning og ingenting sidder fast p\u00e5 vejen igennem vandl\u00e5set. Trap-Vent \u00e5bner allerede ved -70 Pa undertryk og tilf\u00f8re luft til afl\u00f8bssystemet. Derved forbedres gennemstr\u00f8mningen og vandl\u00e5set forhindres &hellip; Forts\u00e6ttes Trap-Vent\" \/>\n<meta property=\"og:url\" content=\"https:\/\/fyrahus.se\/da\/aflobssystem\/trap-vent\/\" \/>\n<meta property=\"og:site_name\" content=\"Fyra Hus\" \/>\n<meta property=\"article:modified_time\" content=\"2016-10-23T16:30:03+00:00\" \/>\n<meta property=\"og:image\" content=\"https:\/\/fyrahus.se\/wp-content\/uploads\/Trap-vent_p1.jpg\" \/>\n\t<meta property=\"og:image:width\" content=\"1409\" \/>\n\t<meta property=\"og:image:height\" content=\"1409\" \/>\n<meta name=\"twitter:card\" content=\"summary\" \/>\n<script type=\"application\/ld+json\" class=\"yoast-schema-graph\">{\"@context\":\"https:\/\/schema.org\",\"@graph\":[{\"@type\":\"WebSite\",\"@id\":\"https:\/\/fyrahus.se\/#website\",\"url\":\"https:\/\/fyrahus.se\/\",\"name\":\"Fyra Hus\",\"description\":\"Fungerande avlopp\",\"potentialAction\":[{\"@type\":\"SearchAction\",\"target\":\"https:\/\/fyrahus.se\/?s={search_term_string}\",\"query-input\":\"required name=search_term_string\"}],\"inLanguage\":\"da-DK\"},{\"@type\":\"ImageObject\",\"@id\":\"https:\/\/fyrahus.se\/da\/aflobssystem\/trap-vent\/#primaryimage\",\"inLanguage\":\"da-DK\",\"url\":\"https:\/\/fyrahus.se\/wp-content\/uploads\/Trap-vent_p1.jpg\",\"width\":1409,\"height\":1409},{\"@type\":\"WebPage\",\"@id\":\"https:\/\/fyrahus.se\/da\/aflobssystem\/trap-vent\/#webpage\",\"url\":\"https:\/\/fyrahus.se\/da\/aflobssystem\/trap-vent\/\",\"name\":\"Trap-Vent \\u2013 Sj\\u00e4lvrensande vattenl\\u00e5s med tilluftsventil | Fyra Hus\",\"isPartOf\":{\"@id\":\"https:\/\/fyrahus.se\/#website\"},\"primaryImageOfPage\":{\"@id\":\"https:\/\/fyrahus.se\/da\/aflobssystem\/trap-vent\/#primaryimage\"},\"datePublished\":\"2015-09-21T16:24:59+00:00\",\"dateModified\":\"2016-10-23T16:30:03+00:00\",\"breadcrumb\":{\"@id\":\"https:\/\/fyrahus.se\/da\/aflobssystem\/trap-vent\/#breadcrumb\"},\"inLanguage\":\"da-DK\",\"potentialAction\":[{\"@type\":\"ReadAction\",\"target\":[\"https:\/\/fyrahus.se\/da\/aflobssystem\/trap-vent\/\"]}]},{\"@type\":\"BreadcrumbList\",\"@id\":\"https:\/\/fyrahus.se\/da\/aflobssystem\/trap-vent\/#breadcrumb\",\"itemListElement\":[{\"@type\":\"ListItem\",\"position\":1,\"item\":{\"@type\":\"WebPage\",\"@id\":\"https:\/\/fyrahus.se\/da\/\",\"url\":\"https:\/\/fyrahus.se\/da\/\",\"name\":\"Hem\"}},{\"@type\":\"ListItem\",\"position\":2,\"item\":{\"@type\":\"WebPage\",\"@id\":\"https:\/\/fyrahus.se\/da\/aflobssystem\/\",\"url\":\"https:\/\/fyrahus.se\/da\/aflobssystem\/\",\"name\":\"Fungerende afl\\u00f8bssystem\"}},{\"@type\":\"ListItem\",\"position\":3,\"item\":{\"@type\":\"WebPage\",\"@id\":\"https:\/\/fyrahus.se\/da\/aflobssystem\/trap-vent\/\",\"url\":\"https:\/\/fyrahus.se\/da\/aflobssystem\/trap-vent\/\",\"name\":\"Trap-Vent\"}}]}]}<\/script>\n<!-- \/ Yoast SEO plugin. -->","_links":{"self":[{"href":"https:\/\/fyrahus.se\/da\/wp-json\/wp\/v2\/pages\/924"}],"collection":[{"href":"https:\/\/fyrahus.se\/da\/wp-json\/wp\/v2\/pages"}],"about":[{"href":"https:\/\/fyrahus.se\/da\/wp-json\/wp\/v2\/types\/page"}],"author":[{"embeddable":true,"href":"https:\/\/fyrahus.se\/da\/wp-json\/wp\/v2\/users\/2"}],"replies":[{"embeddable":true,"href":"https:\/\/fyrahus.se\/da\/wp-json\/wp\/v2\/comments?post=924"}],"version-history":[{"count":5,"href":"https:\/\/fyrahus.se\/da\/wp-json\/wp\/v2\/pages\/924\/revisions"}],"predecessor-version":[{"id":1480,"href":"https:\/\/fyrahus.se\/da\/wp-json\/wp\/v2\/pages\/924\/revisions\/1480"}],"up":[{"embeddable":true,"href":"https:\/\/fyrahus.se\/da\/wp-json\/wp\/v2\/pages\/753"}],"wp:featuredmedia":[{"embeddable":true,"href":"https:\/\/fyrahus.se\/da\/wp-json\/wp\/v2\/media\/350"}],"wp:attachment":[{"href":"https:\/\/fyrahus.se\/da\/wp-json\/wp\/v2\/media?parent=924"}],"curies":[{"name":"wp","href":"https:\/\/api.w.org\/{rel}","templated":true}]}}