{"id":923,"date":"2015-09-21T11:46:08","date_gmt":"2015-09-21T09:46:08","guid":{"rendered":"http:\/\/fyrahus.se.loopiadns.com\/da\/aflobssystem\/mini-vent\/"},"modified":"2016-10-23T18:30:36","modified_gmt":"2016-10-23T16:30:36","slug":"mini-vent","status":"publish","type":"page","link":"https:\/\/fyrahus.se\/da\/aflobssystem\/mini-vent\/","title":{"rendered":"Mini-Vent"},"content":{"rendered":"<p><strong>Mini-Vent <\/strong>indluftsventil giver en sikker og enkel beskyttelse af afl\u00f8bssystemet ved at tilf\u00f8re luft hvilket g\u00f8r at vandl\u00e5sets funktion bevares ved undertryk. Alt dette giver en mere effektiv gennemstr\u00f8mning i systemet.<\/p>\n<p><strong>Mini-Vent<\/strong> indluftsventil \u00e5bner ved undertryk og tilf\u00f8re luft til afl\u00f8bssystemet. Ved neutral eller overtryk er den lukket og absolut t\u00e6t.<\/p>\n<p><strong>Mini-Vent<\/strong> er godkendt til at monterer under vandtilf\u00f8relsens oversv\u00f8mningsniveau.<\/p>\n<p><strong>Mini-Vent<\/strong>\u00a0Mini-Vent l\u00f8ser problem som ofte opst\u00e5r ved lange afl\u00f8bsledning (grenr\u00f8r).<\/p>\n","protected":false},"excerpt":{"rendered":"<p>Mini-Vent indluftsventil giver en sikker og enkel beskyttelse af afl\u00f8bssystemet ved at tilf\u00f8re luft hvilket g\u00f8r at vandl\u00e5sets funktion bevares ved undertryk. Alt dette giver en mere effektiv gennemstr\u00f8mning i systemet. Mini-Vent indluftsventil \u00e5bner ved undertryk og tilf\u00f8re luft til afl\u00f8bssystemet. Ved neutral eller overtryk er den lukket og absolut t\u00e6t. Mini-Vent er godkendt til &hellip; <\/p>\n<div class=\"read-more\"><a href=\"https:\/\/fyrahus.se\/da\/aflobssystem\/mini-vent\/\">Forts\u00e6ttes <cite class=\"sr-only\">Mini-Vent<\/cite><\/a><\/div>\n","protected":false},"author":1,"featured_media":439,"parent":753,"menu_order":2,"comment_status":"closed","ping_status":"closed","template":"template-product.php","meta":{"_links_to":"","_links_to_target":""},"yoast_head":"<!-- This site is optimized with the Yoast SEO plugin v15.8 - https:\/\/yoast.com\/wordpress\/plugins\/seo\/ -->\n<title>Mini-Vent \u2013 Ett enkelt och s\u00e4kert skydd till avloppsystemet | Fyra Hus<\/title>\n<meta name=\"robots\" content=\"index, follow, max-snippet:-1, max-image-preview:large, max-video-preview:-1\" \/>\n<link rel=\"canonical\" href=\"https:\/\/fyrahus.se\/da\/aflobssystem\/mini-vent\/\" \/>\n<meta property=\"og:locale\" content=\"da_DK\" \/>\n<meta property=\"og:type\" content=\"article\" \/>\n<meta property=\"og:title\" content=\"Mini-Vent \u2013 Ett enkelt och s\u00e4kert skydd till avloppsystemet | Fyra Hus\" \/>\n<meta property=\"og:description\" content=\"Mini-Vent indluftsventil giver en sikker og enkel beskyttelse af afl\u00f8bssystemet ved at tilf\u00f8re luft hvilket g\u00f8r at vandl\u00e5sets funktion bevares ved undertryk. Alt dette giver en mere effektiv gennemstr\u00f8mning i systemet. Mini-Vent indluftsventil \u00e5bner ved undertryk og tilf\u00f8re luft til afl\u00f8bssystemet. Ved neutral eller overtryk er den lukket og absolut t\u00e6t. Mini-Vent er godkendt til &hellip; Forts\u00e6ttes Mini-Vent\" \/>\n<meta property=\"og:url\" content=\"https:\/\/fyrahus.se\/da\/aflobssystem\/mini-vent\/\" \/>\n<meta property=\"og:site_name\" content=\"Fyra Hus\" \/>\n<meta property=\"article:modified_time\" content=\"2016-10-23T16:30:36+00:00\" \/>\n<meta property=\"og:image\" content=\"https:\/\/fyrahus.se\/wp-content\/uploads\/mini-vent_p1.jpg\" \/>\n\t<meta property=\"og:image:width\" content=\"656\" \/>\n\t<meta property=\"og:image:height\" content=\"668\" \/>\n<meta name=\"twitter:card\" content=\"summary\" \/>\n<script type=\"application\/ld+json\" class=\"yoast-schema-graph\">{\"@context\":\"https:\/\/schema.org\",\"@graph\":[{\"@type\":\"WebSite\",\"@id\":\"https:\/\/fyrahus.se\/#website\",\"url\":\"https:\/\/fyrahus.se\/\",\"name\":\"Fyra Hus\",\"description\":\"Fungerande avlopp\",\"potentialAction\":[{\"@type\":\"SearchAction\",\"target\":\"https:\/\/fyrahus.se\/?s={search_term_string}\",\"query-input\":\"required name=search_term_string\"}],\"inLanguage\":\"da-DK\"},{\"@type\":\"ImageObject\",\"@id\":\"https:\/\/fyrahus.se\/da\/aflobssystem\/mini-vent\/#primaryimage\",\"inLanguage\":\"da-DK\",\"url\":\"https:\/\/fyrahus.se\/wp-content\/uploads\/mini-vent_p1.jpg\",\"width\":656,\"height\":668},{\"@type\":\"WebPage\",\"@id\":\"https:\/\/fyrahus.se\/da\/aflobssystem\/mini-vent\/#webpage\",\"url\":\"https:\/\/fyrahus.se\/da\/aflobssystem\/mini-vent\/\",\"name\":\"Mini-Vent \\u2013 Ett enkelt och s\\u00e4kert skydd till avloppsystemet | Fyra Hus\",\"isPartOf\":{\"@id\":\"https:\/\/fyrahus.se\/#website\"},\"primaryImageOfPage\":{\"@id\":\"https:\/\/fyrahus.se\/da\/aflobssystem\/mini-vent\/#primaryimage\"},\"datePublished\":\"2015-09-21T09:46:08+00:00\",\"dateModified\":\"2016-10-23T16:30:36+00:00\",\"breadcrumb\":{\"@id\":\"https:\/\/fyrahus.se\/da\/aflobssystem\/mini-vent\/#breadcrumb\"},\"inLanguage\":\"da-DK\",\"potentialAction\":[{\"@type\":\"ReadAction\",\"target\":[\"https:\/\/fyrahus.se\/da\/aflobssystem\/mini-vent\/\"]}]},{\"@type\":\"BreadcrumbList\",\"@id\":\"https:\/\/fyrahus.se\/da\/aflobssystem\/mini-vent\/#breadcrumb\",\"itemListElement\":[{\"@type\":\"ListItem\",\"position\":1,\"item\":{\"@type\":\"WebPage\",\"@id\":\"https:\/\/fyrahus.se\/da\/\",\"url\":\"https:\/\/fyrahus.se\/da\/\",\"name\":\"Hem\"}},{\"@type\":\"ListItem\",\"position\":2,\"item\":{\"@type\":\"WebPage\",\"@id\":\"https:\/\/fyrahus.se\/da\/aflobssystem\/\",\"url\":\"https:\/\/fyrahus.se\/da\/aflobssystem\/\",\"name\":\"Fungerende afl\\u00f8bssystem\"}},{\"@type\":\"ListItem\",\"position\":3,\"item\":{\"@type\":\"WebPage\",\"@id\":\"https:\/\/fyrahus.se\/da\/aflobssystem\/mini-vent\/\",\"url\":\"https:\/\/fyrahus.se\/da\/aflobssystem\/mini-vent\/\",\"name\":\"Mini-Vent\"}}]}]}<\/script>\n<!-- \/ Yoast SEO plugin. -->","_links":{"self":[{"href":"https:\/\/fyrahus.se\/da\/wp-json\/wp\/v2\/pages\/923"}],"collection":[{"href":"https:\/\/fyrahus.se\/da\/wp-json\/wp\/v2\/pages"}],"about":[{"href":"https:\/\/fyrahus.se\/da\/wp-json\/wp\/v2\/types\/page"}],"author":[{"embeddable":true,"href":"https:\/\/fyrahus.se\/da\/wp-json\/wp\/v2\/users\/1"}],"replies":[{"embeddable":true,"href":"https:\/\/fyrahus.se\/da\/wp-json\/wp\/v2\/comments?post=923"}],"version-history":[{"count":5,"href":"https:\/\/fyrahus.se\/da\/wp-json\/wp\/v2\/pages\/923\/revisions"}],"predecessor-version":[{"id":1481,"href":"https:\/\/fyrahus.se\/da\/wp-json\/wp\/v2\/pages\/923\/revisions\/1481"}],"up":[{"embeddable":true,"href":"https:\/\/fyrahus.se\/da\/wp-json\/wp\/v2\/pages\/753"}],"wp:featuredmedia":[{"embeddable":true,"href":"https:\/\/fyrahus.se\/da\/wp-json\/wp\/v2\/media\/439"}],"wp:attachment":[{"href":"https:\/\/fyrahus.se\/da\/wp-json\/wp\/v2\/media?parent=923"}],"curies":[{"name":"wp","href":"https:\/\/api.w.org\/{rel}","templated":true}]}}