{"id":767,"date":"2015-09-02T12:59:18","date_gmt":"2015-09-02T10:59:18","guid":{"rendered":"http:\/\/fyrahus.se.loopiadns.com\/da\/aterforsaljare\/"},"modified":"2016-02-18T11:15:18","modified_gmt":"2016-02-18T10:15:18","slug":"aterforsaljare","status":"publish","type":"page","link":"https:\/\/fyrahus.se\/da\/aterforsaljare\/","title":{"rendered":"Forhandler"},"content":{"rendered":"<p style=\"text-align: left\"><strong>Med hj\u00e6lp fra vores forhandlere skal vi v\u00e6re leder, og den oplagte leverand\u00f8r og samarbejdspartner for omkostningseffektive l\u00f8sninger p\u00e5 afl\u00f8bssystem.<\/strong><\/p>\n","protected":false},"excerpt":{"rendered":"<p>Med hj\u00e6lp fra vores forhandlere skal vi v\u00e6re leder, og den oplagte leverand\u00f8r og samarbejdspartner for omkostningseffektive l\u00f8sninger p\u00e5 afl\u00f8bssystem.<\/p>\n","protected":false},"author":1,"featured_media":0,"parent":0,"menu_order":15,"comment_status":"closed","ping_status":"closed","template":"template-resellers.php","meta":{"_links_to":"","_links_to_target":""},"yoast_head":"<!-- This site is optimized with the Yoast SEO plugin v15.8 - https:\/\/yoast.com\/wordpress\/plugins\/seo\/ -->\n<title>Forhandler - Fyra Hus<\/title>\n<meta name=\"robots\" content=\"index, follow, max-snippet:-1, max-image-preview:large, max-video-preview:-1\" \/>\n<link rel=\"canonical\" href=\"https:\/\/fyrahus.se\/aterforsaljare\/\" \/>\n<meta property=\"og:locale\" content=\"da_DK\" \/>\n<meta property=\"og:type\" content=\"article\" \/>\n<meta property=\"og:title\" content=\"Forhandler - Fyra Hus\" \/>\n<meta property=\"og:description\" content=\"Med hj\u00e6lp fra vores forhandlere skal vi v\u00e6re leder, og den oplagte leverand\u00f8r og samarbejdspartner for omkostningseffektive l\u00f8sninger p\u00e5 afl\u00f8bssystem.\" \/>\n<meta property=\"og:url\" content=\"https:\/\/fyrahus.se\/aterforsaljare\/\" \/>\n<meta property=\"og:site_name\" content=\"Fyra Hus\" \/>\n<meta property=\"article:modified_time\" content=\"2016-02-18T10:15:18+00:00\" \/>\n<meta name=\"twitter:card\" content=\"summary\" \/>\n<script type=\"application\/ld+json\" class=\"yoast-schema-graph\">{\"@context\":\"https:\/\/schema.org\",\"@graph\":[{\"@type\":\"WebSite\",\"@id\":\"https:\/\/fyrahus.se\/#website\",\"url\":\"https:\/\/fyrahus.se\/\",\"name\":\"Fyra Hus\",\"description\":\"Fungerande avlopp\",\"potentialAction\":[{\"@type\":\"SearchAction\",\"target\":\"https:\/\/fyrahus.se\/?s={search_term_string}\",\"query-input\":\"required name=search_term_string\"}],\"inLanguage\":\"da-DK\"},{\"@type\":\"WebPage\",\"@id\":\"https:\/\/fyrahus.se\/aterforsaljare\/#webpage\",\"url\":\"https:\/\/fyrahus.se\/aterforsaljare\/\",\"name\":\"Forhandler - Fyra Hus\",\"isPartOf\":{\"@id\":\"https:\/\/fyrahus.se\/#website\"},\"datePublished\":\"2015-09-02T10:59:18+00:00\",\"dateModified\":\"2016-02-18T10:15:18+00:00\",\"breadcrumb\":{\"@id\":\"https:\/\/fyrahus.se\/aterforsaljare\/#breadcrumb\"},\"inLanguage\":\"da-DK\",\"potentialAction\":[{\"@type\":\"ReadAction\",\"target\":[\"https:\/\/fyrahus.se\/aterforsaljare\/\"]}]},{\"@type\":\"BreadcrumbList\",\"@id\":\"https:\/\/fyrahus.se\/aterforsaljare\/#breadcrumb\",\"itemListElement\":[{\"@type\":\"ListItem\",\"position\":1,\"item\":{\"@type\":\"WebPage\",\"@id\":\"https:\/\/fyrahus.se\/da\/\",\"url\":\"https:\/\/fyrahus.se\/da\/\",\"name\":\"Hem\"}},{\"@type\":\"ListItem\",\"position\":2,\"item\":{\"@type\":\"WebPage\",\"@id\":\"https:\/\/fyrahus.se\/aterforsaljare\/\",\"url\":\"https:\/\/fyrahus.se\/aterforsaljare\/\",\"name\":\"Forhandler\"}}]}]}<\/script>\n<!-- \/ Yoast SEO plugin. -->","_links":{"self":[{"href":"https:\/\/fyrahus.se\/da\/wp-json\/wp\/v2\/pages\/767"}],"collection":[{"href":"https:\/\/fyrahus.se\/da\/wp-json\/wp\/v2\/pages"}],"about":[{"href":"https:\/\/fyrahus.se\/da\/wp-json\/wp\/v2\/types\/page"}],"author":[{"embeddable":true,"href":"https:\/\/fyrahus.se\/da\/wp-json\/wp\/v2\/users\/1"}],"replies":[{"embeddable":true,"href":"https:\/\/fyrahus.se\/da\/wp-json\/wp\/v2\/comments?post=767"}],"version-history":[{"count":5,"href":"https:\/\/fyrahus.se\/da\/wp-json\/wp\/v2\/pages\/767\/revisions"}],"predecessor-version":[{"id":1068,"href":"https:\/\/fyrahus.se\/da\/wp-json\/wp\/v2\/pages\/767\/revisions\/1068"}],"wp:attachment":[{"href":"https:\/\/fyrahus.se\/da\/wp-json\/wp\/v2\/media?parent=767"}],"curies":[{"name":"wp","href":"https:\/\/api.w.org\/{rel}","templated":true}]}}