{"id":756,"date":"2015-09-03T15:21:36","date_gmt":"2015-09-03T13:21:36","guid":{"rendered":"http:\/\/fyrahus.se.loopiadns.com\/da\/start\/"},"modified":"2016-02-25T23:02:12","modified_gmt":"2016-02-25T22:02:12","slug":"start","status":"publish","type":"page","link":"https:\/\/fyrahus.se\/da\/","title":{"rendered":"Hjem"},"content":{"rendered":"<p><strong>Fyra Hus tilbyder kvalitetsprodukter og tjenester i VVS-teknik.<\/strong><\/p>\n<p>Vi er f\u00f8rende i udluftningsteknik til afl\u00f8b og har eneforhandling af STUDORs produkter til et bedre fungerende afl\u00f8bssystem i Norden.<\/p>\n","protected":false},"excerpt":{"rendered":"<p>Fyra Hus tilbyder kvalitetsprodukter og tjenester i VVS-teknik. Vi er f\u00f8rende i udluftningsteknik til afl\u00f8b og har eneforhandling af STUDORs produkter til et bedre fungerende afl\u00f8bssystem i Norden.<\/p>\n","protected":false},"author":1,"featured_media":0,"parent":0,"menu_order":0,"comment_status":"closed","ping_status":"closed","template":"template-startpage.php","meta":{"_links_to":"","_links_to_target":""},"yoast_head":"<!-- This site is optimized with the Yoast SEO plugin v15.8 - https:\/\/yoast.com\/wordpress\/plugins\/seo\/ -->\n<title>Fyra Hus \u2013 Fungerande avloppsystem med Studor<\/title>\n<meta name=\"description\" content=\"Vi \u00e4r ledande inom luft\u00adnings\u00adtek\u00adnik f\u00f6r avlopp och ansvarar f\u00f6r f\u00f6r\u00ads\u00e4lj\u00adningen av Studors produkter f\u00f6r b\u00e4ttre fungerande av\u00adlopp\u00adsy\u00adstem i Norden.\" \/>\n<meta name=\"robots\" content=\"index, follow, max-snippet:-1, max-image-preview:large, max-video-preview:-1\" \/>\n<link rel=\"canonical\" href=\"https:\/\/fyrahus.se\/da\/\" \/>\n<meta property=\"og:locale\" content=\"da_DK\" \/>\n<meta property=\"og:type\" content=\"article\" \/>\n<meta property=\"og:title\" content=\"Fyra Hus \u2013 Fungerande avloppsystem med Studor\" \/>\n<meta property=\"og:description\" content=\"Vi \u00e4r ledande inom luft\u00adnings\u00adtek\u00adnik f\u00f6r avlopp och ansvarar f\u00f6r f\u00f6r\u00ads\u00e4lj\u00adningen av Studors produkter f\u00f6r b\u00e4ttre fungerande av\u00adlopp\u00adsy\u00adstem i Norden.\" \/>\n<meta property=\"og:url\" content=\"https:\/\/fyrahus.se\/da\/\" \/>\n<meta property=\"og:site_name\" content=\"Fyra Hus\" \/>\n<meta property=\"article:modified_time\" content=\"2016-02-25T22:02:12+00:00\" \/>\n<meta name=\"twitter:card\" content=\"summary\" \/>\n<script type=\"application\/ld+json\" class=\"yoast-schema-graph\">{\"@context\":\"https:\/\/schema.org\",\"@graph\":[{\"@type\":\"WebSite\",\"@id\":\"https:\/\/fyrahus.se\/#website\",\"url\":\"https:\/\/fyrahus.se\/\",\"name\":\"Fyra Hus\",\"description\":\"Fungerande avlopp\",\"potentialAction\":[{\"@type\":\"SearchAction\",\"target\":\"https:\/\/fyrahus.se\/?s={search_term_string}\",\"query-input\":\"required name=search_term_string\"}],\"inLanguage\":\"da-DK\"},{\"@type\":\"WebPage\",\"@id\":\"https:\/\/fyrahus.se\/da\/#webpage\",\"url\":\"https:\/\/fyrahus.se\/da\/\",\"name\":\"Fyra Hus \\u2013 Fungerande avloppsystem med Studor\",\"isPartOf\":{\"@id\":\"https:\/\/fyrahus.se\/#website\"},\"datePublished\":\"2015-09-03T13:21:36+00:00\",\"dateModified\":\"2016-02-25T22:02:12+00:00\",\"description\":\"Vi \\u00e4r ledande inom luft\\u00adnings\\u00adtek\\u00adnik f\\u00f6r avlopp och ansvarar f\\u00f6r f\\u00f6r\\u00ads\\u00e4lj\\u00adningen av Studors produkter f\\u00f6r b\\u00e4ttre fungerande av\\u00adlopp\\u00adsy\\u00adstem i Norden.\",\"breadcrumb\":{\"@id\":\"https:\/\/fyrahus.se\/da\/#breadcrumb\"},\"inLanguage\":\"da-DK\",\"potentialAction\":[{\"@type\":\"ReadAction\",\"target\":[\"https:\/\/fyrahus.se\/da\/\"]}]},{\"@type\":\"BreadcrumbList\",\"@id\":\"https:\/\/fyrahus.se\/da\/#breadcrumb\",\"itemListElement\":[{\"@type\":\"ListItem\",\"position\":1,\"item\":{\"@type\":\"WebPage\",\"@id\":\"https:\/\/fyrahus.se\/da\/\",\"url\":\"https:\/\/fyrahus.se\/da\/\",\"name\":\"Hem\"}},{\"@type\":\"ListItem\",\"position\":2,\"item\":{\"@type\":\"WebPage\",\"@id\":\"https:\/\/fyrahus.se\/da\/\",\"url\":\"https:\/\/fyrahus.se\/da\/\",\"name\":\"Hjem\"}}]}]}<\/script>\n<!-- \/ Yoast SEO plugin. -->","_links":{"self":[{"href":"https:\/\/fyrahus.se\/da\/wp-json\/wp\/v2\/pages\/756"}],"collection":[{"href":"https:\/\/fyrahus.se\/da\/wp-json\/wp\/v2\/pages"}],"about":[{"href":"https:\/\/fyrahus.se\/da\/wp-json\/wp\/v2\/types\/page"}],"author":[{"embeddable":true,"href":"https:\/\/fyrahus.se\/da\/wp-json\/wp\/v2\/users\/1"}],"replies":[{"embeddable":true,"href":"https:\/\/fyrahus.se\/da\/wp-json\/wp\/v2\/comments?post=756"}],"version-history":[{"count":5,"href":"https:\/\/fyrahus.se\/da\/wp-json\/wp\/v2\/pages\/756\/revisions"}],"predecessor-version":[{"id":1095,"href":"https:\/\/fyrahus.se\/da\/wp-json\/wp\/v2\/pages\/756\/revisions\/1095"}],"wp:attachment":[{"href":"https:\/\/fyrahus.se\/da\/wp-json\/wp\/v2\/media?parent=756"}],"curies":[{"name":"wp","href":"https:\/\/api.w.org\/{rel}","templated":true}]}}