{"id":753,"date":"2015-09-02T12:58:12","date_gmt":"2015-09-02T10:58:12","guid":{"rendered":"http:\/\/fyrahus.se.loopiadns.com\/da\/avloppssystem\/"},"modified":"2016-02-25T22:21:35","modified_gmt":"2016-02-25T21:21:35","slug":"aflobssystem","status":"publish","type":"page","link":"https:\/\/fyrahus.se\/da\/aflobssystem\/","title":{"rendered":"Fungerende afl\u00f8bssystem"},"content":{"rendered":"<h3 style=\"text-align: left\">Afl\u00f8bets st\u00f8rste problem<\/h3>\n<p>Ubalance p\u00e5 grund af trykforandringer (over- og specielt undertryg) opst\u00e5r ved brug af afl\u00f8bssystemet og det at medf\u00f8re d\u00e5rligt gennemstr\u00f8mning og tomme\/ut\u00e6tte vandl\u00e5s.<br \/>\nHoved\u00e5rsag til ubalansen er at afl\u00f8bssystemet ikke har korrekt dimmension for nutidens mere intensiv brug og de tidligere brugte komponenter ikke opfylder nutidens standard. Design af traditionelt afl\u00f8bssystem har ogs\u00e5 brister.<\/p>\n<h3 style=\"text-align: left\">Konsekvens<\/h3>\n<p>Lugt og obehag<br \/>\nKr\u00e6ver mere vedligeholdelse<br \/>\nRisko for sygdomsspredning<br \/>\nL\u00f8sning \u2013 Et lukket et r\u00f8rs system<br \/>\nI et lukket, afbalanceret et r\u00f8rs system, monteres indluftsventil (<a href=\"http:\/\/fyrahus.se\/da\/aflobssystem\/trap-vent\/\">Trap-Vent<\/a>, <a href=\"http:\/\/fyrahus.se\/da\/aflobssystem\/mini-vent\/\">Mini-Vent<\/a>, <a href=\"http:\/\/fyrahus.se\/da\/aflobssystem\/maxi-vent\/\">Maxi-Vent<\/a>) direkt p\u00e5 afl\u00f8bsr\u00f8ret. Med indluftsventil bygget i afl\u00f8bssystemet og uden \u00e5bne faldstammer och udluftning. Ved h\u00f8je bygninger er der ofte overtryk ved f.eks retnings\u00e6ndringer og det kan kompenseres ved brug af overtryksd\u00e6mpere (<a href=\"http:\/\/fyrahus.se\/da\/aflobssystem\/papa\/\">P.A.P.A.<\/a>).<\/p>\n","protected":false},"excerpt":{"rendered":"<p>Afl\u00f8bets st\u00f8rste problem Ubalance p\u00e5 grund af trykforandringer (over- og specielt undertryg) opst\u00e5r ved brug af afl\u00f8bssystemet og det at medf\u00f8re d\u00e5rligt gennemstr\u00f8mning og tomme\/ut\u00e6tte vandl\u00e5s. Hoved\u00e5rsag til ubalansen er at afl\u00f8bssystemet ikke har korrekt dimmension for nutidens mere intensiv brug og de tidligere brugte komponenter ikke opfylder nutidens standard. Design af traditionelt afl\u00f8bssystem har &hellip; <\/p>\n<div class=\"read-more\"><a href=\"https:\/\/fyrahus.se\/da\/aflobssystem\/\">Forts\u00e6ttes <cite class=\"sr-only\">Fungerende afl\u00f8bssystem<\/cite><\/a><\/div>\n","protected":false},"author":1,"featured_media":0,"parent":0,"menu_order":10,"comment_status":"closed","ping_status":"closed","template":"template-overview.php","meta":{"_links_to":"","_links_to_target":""},"yoast_head":"<!-- This site is optimized with the Yoast SEO plugin v15.8 - https:\/\/yoast.com\/wordpress\/plugins\/seo\/ -->\n<title>Fungerende afl\u00f8bssystem - Fyra Hus<\/title>\n<meta name=\"robots\" content=\"index, follow, max-snippet:-1, max-image-preview:large, max-video-preview:-1\" \/>\n<link rel=\"canonical\" href=\"https:\/\/fyrahus.se\/da\/aflobssystem\/\" \/>\n<meta property=\"og:locale\" content=\"da_DK\" \/>\n<meta property=\"og:type\" content=\"article\" \/>\n<meta property=\"og:title\" content=\"Fungerende afl\u00f8bssystem - Fyra Hus\" \/>\n<meta property=\"og:description\" content=\"Afl\u00f8bets st\u00f8rste problem Ubalance p\u00e5 grund af trykforandringer (over- og specielt undertryg) opst\u00e5r ved brug af afl\u00f8bssystemet og det at medf\u00f8re d\u00e5rligt gennemstr\u00f8mning og tomme\/ut\u00e6tte vandl\u00e5s. Hoved\u00e5rsag til ubalansen er at afl\u00f8bssystemet ikke har korrekt dimmension for nutidens mere intensiv brug og de tidligere brugte komponenter ikke opfylder nutidens standard. Design af traditionelt afl\u00f8bssystem har &hellip; Forts\u00e6ttes Fungerende afl\u00f8bssystem\" \/>\n<meta property=\"og:url\" content=\"https:\/\/fyrahus.se\/da\/aflobssystem\/\" \/>\n<meta property=\"og:site_name\" content=\"Fyra Hus\" \/>\n<meta property=\"article:modified_time\" content=\"2016-02-25T21:21:35+00:00\" \/>\n<meta name=\"twitter:card\" content=\"summary\" \/>\n<meta name=\"twitter:label1\" content=\"Estimeret l\u00e6setid\">\n\t<meta name=\"twitter:data1\" content=\"1 minut\">\n<script type=\"application\/ld+json\" class=\"yoast-schema-graph\">{\"@context\":\"https:\/\/schema.org\",\"@graph\":[{\"@type\":\"WebSite\",\"@id\":\"https:\/\/fyrahus.se\/#website\",\"url\":\"https:\/\/fyrahus.se\/\",\"name\":\"Fyra Hus\",\"description\":\"Fungerande avlopp\",\"potentialAction\":[{\"@type\":\"SearchAction\",\"target\":\"https:\/\/fyrahus.se\/?s={search_term_string}\",\"query-input\":\"required name=search_term_string\"}],\"inLanguage\":\"da-DK\"},{\"@type\":\"WebPage\",\"@id\":\"https:\/\/fyrahus.se\/da\/aflobssystem\/#webpage\",\"url\":\"https:\/\/fyrahus.se\/da\/aflobssystem\/\",\"name\":\"Fungerende afl\\u00f8bssystem - Fyra Hus\",\"isPartOf\":{\"@id\":\"https:\/\/fyrahus.se\/#website\"},\"datePublished\":\"2015-09-02T10:58:12+00:00\",\"dateModified\":\"2016-02-25T21:21:35+00:00\",\"breadcrumb\":{\"@id\":\"https:\/\/fyrahus.se\/da\/aflobssystem\/#breadcrumb\"},\"inLanguage\":\"da-DK\",\"potentialAction\":[{\"@type\":\"ReadAction\",\"target\":[\"https:\/\/fyrahus.se\/da\/aflobssystem\/\"]}]},{\"@type\":\"BreadcrumbList\",\"@id\":\"https:\/\/fyrahus.se\/da\/aflobssystem\/#breadcrumb\",\"itemListElement\":[{\"@type\":\"ListItem\",\"position\":1,\"item\":{\"@type\":\"WebPage\",\"@id\":\"https:\/\/fyrahus.se\/da\/\",\"url\":\"https:\/\/fyrahus.se\/da\/\",\"name\":\"Hem\"}},{\"@type\":\"ListItem\",\"position\":2,\"item\":{\"@type\":\"WebPage\",\"@id\":\"https:\/\/fyrahus.se\/da\/aflobssystem\/\",\"url\":\"https:\/\/fyrahus.se\/da\/aflobssystem\/\",\"name\":\"Fungerende afl\\u00f8bssystem\"}}]}]}<\/script>\n<!-- \/ Yoast SEO plugin. -->","_links":{"self":[{"href":"https:\/\/fyrahus.se\/da\/wp-json\/wp\/v2\/pages\/753"}],"collection":[{"href":"https:\/\/fyrahus.se\/da\/wp-json\/wp\/v2\/pages"}],"about":[{"href":"https:\/\/fyrahus.se\/da\/wp-json\/wp\/v2\/types\/page"}],"author":[{"embeddable":true,"href":"https:\/\/fyrahus.se\/da\/wp-json\/wp\/v2\/users\/1"}],"replies":[{"embeddable":true,"href":"https:\/\/fyrahus.se\/da\/wp-json\/wp\/v2\/comments?post=753"}],"version-history":[{"count":5,"href":"https:\/\/fyrahus.se\/da\/wp-json\/wp\/v2\/pages\/753\/revisions"}],"predecessor-version":[{"id":1081,"href":"https:\/\/fyrahus.se\/da\/wp-json\/wp\/v2\/pages\/753\/revisions\/1081"}],"wp:attachment":[{"href":"https:\/\/fyrahus.se\/da\/wp-json\/wp\/v2\/media?parent=753"}],"curies":[{"name":"wp","href":"https:\/\/api.w.org\/{rel}","templated":true}]}}